{"id":1307,"date":"2020-12-21T14:51:49","date_gmt":"2020-12-21T14:51:49","guid":{"rendered":"http:\/\/ifscleaning.com\/?page_id=1307"},"modified":"2021-03-15T23:10:21","modified_gmt":"2021-03-15T23:10:21","slug":"cristalizacion","status":"publish","type":"page","link":"https:\/\/ifscleaning.com\/index.php\/cristalizacion\/","title":{"rendered":"Cristalizaci\u00f3n"},"content":{"rendered":"\t\t<div data-elementor-type=\"wp-page\" data-elementor-id=\"1307\" class=\"elementor elementor-1307\" data-elementor-settings=\"[]\">\n\t\t\t\t\t\t<div class=\"elementor-inner\">\n\t\t\t\t\t\t\t<div class=\"elementor-section-wrap\">\n\t\t\t\t\t\t\t<section class=\"has_ma_el_bg_slider elementor-section elementor-top-section elementor-element elementor-element-55116a9 elementor-section-height-min-height elementor-section-content-middle elementor-section-stretched elementor-section-boxed elementor-section-height-default elementor-section-items-middle\" data-id=\"55116a9\" data-element_type=\"section\" data-settings=\"{&quot;background_background&quot;:&quot;classic&quot;,&quot;stretch_section&quot;:&quot;section-stretched&quot;}\">\n\t\t\t\t\t\t<div class=\"elementor-container elementor-column-gap-default\">\n\t\t\t\t\t\t\t<div class=\"elementor-row\">\n\t\t\t\t\t<div class=\"has_ma_el_bg_slider elementor-column elementor-col-33 elementor-top-column elementor-element elementor-element-4981ec8\" data-id=\"4981ec8\" data-element_type=\"column\">\n\t\t\t<div class=\"elementor-column-wrap\">\n\t\t\t\t\t\t\t<div class=\"elementor-widget-wrap\">\n\t\t\t\t\t\t\t\t<\/div>\n\t\t\t\t\t<\/div>\n\t\t<\/div>\n\t\t\t\t<div class=\"has_ma_el_bg_slider elementor-column elementor-col-33 elementor-top-column elementor-element elementor-element-68a4624\" data-id=\"68a4624\" data-element_type=\"column\">\n\t\t\t<div class=\"elementor-column-wrap elementor-element-populated\">\n\t\t\t\t\t\t\t<div class=\"elementor-widget-wrap\">\n\t\t\t\t\t\t<div class=\"elementor-element elementor-element-7b092c8 elementor-widget elementor-widget-heading\" data-id=\"7b092c8\" data-element_type=\"widget\" data-widget_type=\"heading.default\">\n\t\t\t\t<div class=\"elementor-widget-container\">\n\t\t\t<h2 class=\"elementor-heading-title elementor-size-default\">La cristalizaci\u00f3n<\/h2>\t\t<\/div>\n\t\t\t\t<\/div>\n\t\t\t\t<div class=\"elementor-element elementor-element-0029488 elementor-widget elementor-widget-text-editor\" data-id=\"0029488\" data-element_type=\"widget\" data-widget_type=\"text-editor.default\">\n\t\t\t\t<div class=\"elementor-widget-container\">\n\t\t\t\t\t\t\t\t<div class=\"elementor-text-editor elementor-clearfix\">\n\t\t\t\t\t<p>La cristalizaci\u00f3n, sistema exclusivo e innovador, ap\u00fantate!<\/p>\t\t\t\t\t<\/div>\n\t\t\t\t\t\t<\/div>\n\t\t\t\t<\/div>\n\t\t\t\t\t\t<\/div>\n\t\t\t\t\t<\/div>\n\t\t<\/div>\n\t\t\t\t<div class=\"has_ma_el_bg_slider elementor-column elementor-col-33 elementor-top-column elementor-element elementor-element-bd95bcb\" data-id=\"bd95bcb\" data-element_type=\"column\">\n\t\t\t<div class=\"elementor-column-wrap\">\n\t\t\t\t\t\t\t<div class=\"elementor-widget-wrap\">\n\t\t\t\t\t\t\t\t<\/div>\n\t\t\t\t\t<\/div>\n\t\t<\/div>\n\t\t\t\t\t\t\t\t<\/div>\n\t\t\t\t\t<\/div>\n\t\t<\/section>\n\t\t\t\t<section class=\"has_ma_el_bg_slider elementor-section elementor-top-section elementor-element elementor-element-cd3ee7c elementor-section-boxed elementor-section-height-default elementor-section-height-default\" data-id=\"cd3ee7c\" data-element_type=\"section\">\n\t\t\t\t\t\t<div class=\"elementor-container elementor-column-gap-default\">\n\t\t\t\t\t\t\t<div class=\"elementor-row\">\n\t\t\t\t\t<div class=\"has_ma_el_bg_slider elementor-column elementor-col-50 elementor-top-column elementor-element elementor-element-2922e81\" data-id=\"2922e81\" data-element_type=\"column\" data-settings=\"{&quot;background_background&quot;:&quot;classic&quot;}\">\n\t\t\t<div class=\"elementor-column-wrap elementor-element-populated\">\n\t\t\t\t\t\t\t<div class=\"elementor-widget-wrap\">\n\t\t\t\t\t\t<div class=\"elementor-element elementor-element-a543e60 elementor-widget elementor-widget-spacer\" data-id=\"a543e60\" data-element_type=\"widget\" data-widget_type=\"spacer.default\">\n\t\t\t\t<div class=\"elementor-widget-container\">\n\t\t\t\t\t<div class=\"elementor-spacer\">\n\t\t\t<div class=\"elementor-spacer-inner\"><\/div>\n\t\t<\/div>\n\t\t\t\t<\/div>\n\t\t\t\t<\/div>\n\t\t\t\t\t\t<\/div>\n\t\t\t\t\t<\/div>\n\t\t<\/div>\n\t\t\t\t<div class=\"has_ma_el_bg_slider elementor-column elementor-col-50 elementor-top-column elementor-element elementor-element-51a0d70\" data-id=\"51a0d70\" data-element_type=\"column\">\n\t\t\t<div class=\"elementor-column-wrap elementor-element-populated\">\n\t\t\t\t\t\t\t<div class=\"elementor-widget-wrap\">\n\t\t\t\t\t\t<div class=\"elementor-element elementor-element-73d84fd elementor-widget elementor-widget-heading\" data-id=\"73d84fd\" data-element_type=\"widget\" data-widget_type=\"heading.default\">\n\t\t\t\t<div class=\"elementor-widget-container\">\n\t\t\t<h2 class=\"elementor-heading-title elementor-size-default\">La cristalizaci\u00f3n<\/h2>\t\t<\/div>\n\t\t\t\t<\/div>\n\t\t\t\t<div class=\"elementor-element elementor-element-ee53966 elementor-widget elementor-widget-text-editor\" data-id=\"ee53966\" data-element_type=\"widget\" id=\"text-sombra\" data-widget_type=\"text-editor.default\">\n\t\t\t\t<div class=\"elementor-widget-container\">\n\t\t\t\t\t\t\t\t<div class=\"elementor-text-editor elementor-clearfix\">\n\t\t\t\t\t<div class=\"page\" title=\"Page 1\"><div class=\"section\"><div class=\"layoutArea\"><div class=\"column\"><p>Es un proceso qui\u0301mico de <span style=\"color: #a1c451;\"><strong>baja humedad<\/strong><\/span> basado en la encapsulacio\u0301n de parti\u0301culas donde un li\u0301quido pasa a estado so\u0301lido atrapando toda la suciedad y convirtie\u0301ndose en pequen\u0303os <strong><span style=\"color: #a1c451;\">cristales<\/span><\/strong> fa\u0301ciles de eliminar. La <strong><span style=\"color: #a1c451;\">qui\u0301mica cristalizante<\/span> <\/strong>no deja residuo. Este sistema desarrollado en EEUU ayuda a <span style=\"color: #a1c451;\"><strong>eliminar problemas<\/strong><\/span> comunes como moquetas <strong><span style=\"color: #a1c451;\">pegajosas, olores y manchas<\/span> <\/strong>recurrentes adema\u0301s es sostenible, segura y no desprende COV\u2019S.<br \/><strong><em>Es el sistema que utilizan desde hace a\u00f1os en La Casa Blanca para la limpieza de sus moquetas.<\/em><\/strong><\/p><\/div><\/div><\/div><\/div>\t\t\t\t\t<\/div>\n\t\t\t\t\t\t<\/div>\n\t\t\t\t<\/div>\n\t\t\t\t\t\t<\/div>\n\t\t\t\t\t<\/div>\n\t\t<\/div>\n\t\t\t\t\t\t\t\t<\/div>\n\t\t\t\t\t<\/div>\n\t\t<\/section>\n\t\t\t\t<section class=\"has_ma_el_bg_slider elementor-section elementor-top-section elementor-element elementor-element-466211d elementor-section-boxed elementor-section-height-default elementor-section-height-default\" data-id=\"466211d\" data-element_type=\"section\">\n\t\t\t\t\t\t<div class=\"elementor-container elementor-column-gap-default\">\n\t\t\t\t\t\t\t<div class=\"elementor-row\">\n\t\t\t\t\t<div class=\"has_ma_el_bg_slider elementor-column elementor-col-100 elementor-top-column elementor-element elementor-element-bf4ea0f\" data-id=\"bf4ea0f\" data-element_type=\"column\">\n\t\t\t<div class=\"elementor-column-wrap elementor-element-populated\">\n\t\t\t\t\t\t\t<div class=\"elementor-widget-wrap\">\n\t\t\t\t\t\t<div class=\"elementor-element elementor-element-8636df6 elementor-widget elementor-widget-text-editor\" data-id=\"8636df6\" data-element_type=\"widget\" data-widget_type=\"text-editor.default\">\n\t\t\t\t<div class=\"elementor-widget-container\">\n\t\t\t\t\t\t\t\t<div class=\"elementor-text-editor elementor-clearfix\">\n\t\t\t\t\t<p style=\"text-align: center;\">Una de las principales caracter\u00edsticas de la moqueta es que absorbe el polvo que hay en suspensi\u00f3n por lo que, aunque el espacio este cerrado, la moqueta se sigue ensuciando. La moqueta puede parecer limpia, pero en realidad no lo est\u00e1, esa suciedad invisible va da\u00f1ando la fibra y disminuye su vida \u00fatil. Usar la <strong><span style=\"color: #a1c451;\">cristalizaci\u00f3n<\/span><\/strong> como sistema de limpieza regular, da como resultado una moqueta visiblemente m\u00e1s limpia y esponjosa adem\u00e1s de mejorar la calidad del aire del lugar. La limpieza por <span style=\"color: #a1c451;\"><strong>cristalizaci\u00f3n<\/strong><\/span> forma parte de un plan integral para el cuidado de la moqueta que debe ir acompa\u00f1ado de una aspiraci\u00f3n frecuente y una limpieza profunda anual.<\/p>\t\t\t\t\t<\/div>\n\t\t\t\t\t\t<\/div>\n\t\t\t\t<\/div>\n\t\t\t\t\t\t<\/div>\n\t\t\t\t\t<\/div>\n\t\t<\/div>\n\t\t\t\t\t\t\t\t<\/div>\n\t\t\t\t\t<\/div>\n\t\t<\/section>\n\t\t\t\t<section class=\"has_ma_el_bg_slider elementor-section elementor-top-section elementor-element elementor-element-0100dda elementor-section-boxed elementor-section-height-default elementor-section-height-default\" data-id=\"0100dda\" data-element_type=\"section\">\n\t\t\t\t\t\t<div class=\"elementor-container elementor-column-gap-default\">\n\t\t\t\t\t\t\t<div class=\"elementor-row\">\n\t\t\t\t\t<div class=\"has_ma_el_bg_slider elementor-column elementor-col-50 elementor-top-column elementor-element elementor-element-51b13a3\" data-id=\"51b13a3\" data-element_type=\"column\">\n\t\t\t<div class=\"elementor-column-wrap elementor-element-populated\">\n\t\t\t\t\t\t\t<div class=\"elementor-widget-wrap\">\n\t\t\t\t\t\t<div class=\"elementor-element elementor-element-13352a8 elementor-widget elementor-widget-heading\" data-id=\"13352a8\" data-element_type=\"widget\" data-widget_type=\"heading.default\">\n\t\t\t\t<div class=\"elementor-widget-container\">\n\t\t\t<h2 class=\"elementor-heading-title elementor-size-default\">\u00bfA d\u00f3nde fue<br> la suciedad?<\/h2>\t\t<\/div>\n\t\t\t\t<\/div>\n\t\t\t\t<div class=\"elementor-element elementor-element-437ce00 elementor-widget elementor-widget-text-editor\" data-id=\"437ce00\" data-element_type=\"widget\" data-widget_type=\"text-editor.default\">\n\t\t\t\t<div class=\"elementor-widget-container\">\n\t\t\t\t\t\t\t\t<div class=\"elementor-text-editor elementor-clearfix\">\n\t\t\t\t\t<div title=\"Page 1\"><div class=\"page\" title=\"Page 1\"><div class=\"section\"><div class=\"layoutArea\"><div class=\"column\"><p>Comparamos nuestro sistema con un diamante. Los diamantes tienen defectos de parti\u0301culas extran\u0303as incrustadas que solo se ven con un gran aumento. De manera similar, nuestro producto encapsula completamente la suciedad en un poli\u0301mero transparente, la tierra esta\u0301 ahi\u0301 pero todo lo que se puede ver es una <span style=\"color: #a1c451;\"><strong>moqueta limpia<\/strong><\/span> y brillante. Los cristales cargados de suciedad se eliminan fa\u0301cilmente con el aspirador.<\/p><\/div><\/div><\/div><\/div><\/div>\t\t\t\t\t<\/div>\n\t\t\t\t\t\t<\/div>\n\t\t\t\t<\/div>\n\t\t\t\t\t\t<\/div>\n\t\t\t\t\t<\/div>\n\t\t<\/div>\n\t\t\t\t<div class=\"has_ma_el_bg_slider elementor-column elementor-col-50 elementor-top-column elementor-element elementor-element-4679e62\" data-id=\"4679e62\" data-element_type=\"column\" data-settings=\"{&quot;background_background&quot;:&quot;classic&quot;}\">\n\t\t\t<div class=\"elementor-column-wrap elementor-element-populated\">\n\t\t\t\t\t\t\t<div class=\"elementor-widget-wrap\">\n\t\t\t\t\t\t<div class=\"elementor-element elementor-element-2ebc829 elementor-widget elementor-widget-image\" data-id=\"2ebc829\" data-element_type=\"widget\" data-widget_type=\"image.default\">\n\t\t\t\t<div class=\"elementor-widget-container\">\n\t\t\t\t\t\t\t\t<div class=\"elementor-image\">\n\t\t\t\t\t\t\t\t\t\t\t\t<img width=\"800\" height=\"499\" src=\"https:\/\/ifscleaning.com\/wp-content\/uploads\/2021\/02\/Diamond-2.png\" class=\"attachment-large size-large\" alt=\"\" loading=\"lazy\" srcset=\"https:\/\/ifscleaning.com\/wp-content\/uploads\/2021\/02\/Diamond-2.png 800w, https:\/\/ifscleaning.com\/wp-content\/uploads\/2021\/02\/Diamond-2-300x187.png 300w, https:\/\/ifscleaning.com\/wp-content\/uploads\/2021\/02\/Diamond-2-768x479.png 768w\" sizes=\"(max-width: 800px) 100vw, 800px\" \/>\t\t\t\t\t\t\t\t\t\t\t\t\t\t<\/div>\n\t\t\t\t\t\t<\/div>\n\t\t\t\t<\/div>\n\t\t\t\t\t\t<\/div>\n\t\t\t\t\t<\/div>\n\t\t<\/div>\n\t\t\t\t\t\t\t\t<\/div>\n\t\t\t\t\t<\/div>\n\t\t<\/section>\n\t\t\t\t\t\t<\/div>\n\t\t\t\t\t\t<\/div>\n\t\t\t\t\t<\/div>\n\t\t","protected":false},"excerpt":{"rendered":"<p>La cristalizaci\u00f3n La cristalizaci\u00f3n, sistema exclusivo e innovador, ap\u00fantate! La cristalizaci\u00f3n Es un proceso qui\u0301mico de baja humedad basado en la encapsulacio\u0301n de parti\u0301culas donde un li\u0301quido pasa a estado so\u0301lido atrapando toda la suciedad y convirtie\u0301ndose en pequen\u0303os cristales fa\u0301ciles de eliminar. La qui\u0301mica cristalizante no deja residuo. Este sistema desarrollado en EEUU ayuda [&hellip;]<\/p>\n","protected":false},"author":1,"featured_media":0,"parent":0,"menu_order":0,"comment_status":"closed","ping_status":"closed","template":"elementor_header_footer","meta":[],"yoast_head":"<!-- This site is optimized with the Yoast SEO plugin v16.7 - https:\/\/yoast.com\/wordpress\/plugins\/seo\/ -->\n<title>Cristalizaci\u00f3n - Ifs Cleaning<\/title>\n<meta name=\"robots\" content=\"index, follow, max-snippet:-1, max-image-preview:large, max-video-preview:-1\" \/>\n<link rel=\"canonical\" href=\"https:\/\/ifscleaning.com\/index.php\/cristalizacion\/\" \/>\n<meta property=\"og:locale\" content=\"es_ES\" \/>\n<meta property=\"og:type\" content=\"article\" \/>\n<meta property=\"og:title\" content=\"Cristalizaci\u00f3n - Ifs Cleaning\" \/>\n<meta property=\"og:description\" content=\"La cristalizaci\u00f3n La cristalizaci\u00f3n, sistema exclusivo e innovador, ap\u00fantate! La cristalizaci\u00f3n Es un proceso qui\u0301mico de baja humedad basado en la encapsulacio\u0301n de parti\u0301culas donde un li\u0301quido pasa a estado so\u0301lido atrapando toda la suciedad y convirtie\u0301ndose en pequen\u0303os cristales fa\u0301ciles de eliminar. La qui\u0301mica cristalizante no deja residuo. Este sistema desarrollado en EEUU ayuda [&hellip;]\" \/>\n<meta property=\"og:url\" content=\"https:\/\/ifscleaning.com\/index.php\/cristalizacion\/\" \/>\n<meta property=\"og:site_name\" content=\"Ifs Cleaning\" \/>\n<meta property=\"article:modified_time\" content=\"2021-03-15T23:10:21+00:00\" \/>\n<meta property=\"og:image\" content=\"http:\/\/ifscleaning.com\/wp-content\/uploads\/2021\/02\/Diamond-2.png\" \/>\n<meta name=\"twitter:card\" content=\"summary_large_image\" \/>\n<meta name=\"twitter:label1\" content=\"Tiempo de lectura\" \/>\n\t<meta name=\"twitter:data1\" content=\"1 minuto\" \/>\n<script type=\"application\/ld+json\" class=\"yoast-schema-graph\">{\"@context\":\"https:\/\/schema.org\",\"@graph\":[{\"@type\":\"WebSite\",\"@id\":\"https:\/\/ifscleaning.com\/#website\",\"url\":\"https:\/\/ifscleaning.com\/\",\"name\":\"Ifs Cleaning\",\"description\":\"Cleaning different\",\"potentialAction\":[{\"@type\":\"SearchAction\",\"target\":{\"@type\":\"EntryPoint\",\"urlTemplate\":\"https:\/\/ifscleaning.com\/?s={search_term_string}\"},\"query-input\":\"required name=search_term_string\"}],\"inLanguage\":\"es\"},{\"@type\":\"ImageObject\",\"@id\":\"https:\/\/ifscleaning.com\/index.php\/cristalizacion\/#primaryimage\",\"inLanguage\":\"es\",\"url\":\"http:\/\/ifscleaning.com\/wp-content\/uploads\/2021\/02\/Diamond-2.png\",\"contentUrl\":\"http:\/\/ifscleaning.com\/wp-content\/uploads\/2021\/02\/Diamond-2.png\"},{\"@type\":\"WebPage\",\"@id\":\"https:\/\/ifscleaning.com\/index.php\/cristalizacion\/#webpage\",\"url\":\"https:\/\/ifscleaning.com\/index.php\/cristalizacion\/\",\"name\":\"Cristalizaci\\u00f3n - Ifs Cleaning\",\"isPartOf\":{\"@id\":\"https:\/\/ifscleaning.com\/#website\"},\"primaryImageOfPage\":{\"@id\":\"https:\/\/ifscleaning.com\/index.php\/cristalizacion\/#primaryimage\"},\"datePublished\":\"2020-12-21T14:51:49+00:00\",\"dateModified\":\"2021-03-15T23:10:21+00:00\",\"breadcrumb\":{\"@id\":\"https:\/\/ifscleaning.com\/index.php\/cristalizacion\/#breadcrumb\"},\"inLanguage\":\"es\",\"potentialAction\":[{\"@type\":\"ReadAction\",\"target\":[\"https:\/\/ifscleaning.com\/index.php\/cristalizacion\/\"]}]},{\"@type\":\"BreadcrumbList\",\"@id\":\"https:\/\/ifscleaning.com\/index.php\/cristalizacion\/#breadcrumb\",\"itemListElement\":[{\"@type\":\"ListItem\",\"position\":1,\"name\":\"Portada\",\"item\":\"https:\/\/ifscleaning.com\/\"},{\"@type\":\"ListItem\",\"position\":2,\"name\":\"Cristalizaci\\u00f3n\"}]}]}<\/script>\n<!-- \/ Yoast SEO plugin. -->","yoast_head_json":{"title":"Cristalizaci\u00f3n - Ifs Cleaning","robots":{"index":"index","follow":"follow","max-snippet":"max-snippet:-1","max-image-preview":"max-image-preview:large","max-video-preview":"max-video-preview:-1"},"canonical":"https:\/\/ifscleaning.com\/index.php\/cristalizacion\/","og_locale":"es_ES","og_type":"article","og_title":"Cristalizaci\u00f3n - Ifs Cleaning","og_description":"La cristalizaci\u00f3n La cristalizaci\u00f3n, sistema exclusivo e innovador, ap\u00fantate! La cristalizaci\u00f3n Es un proceso qui\u0301mico de baja humedad basado en la encapsulacio\u0301n de parti\u0301culas donde un li\u0301quido pasa a estado so\u0301lido atrapando toda la suciedad y convirtie\u0301ndose en pequen\u0303os cristales fa\u0301ciles de eliminar. La qui\u0301mica cristalizante no deja residuo. Este sistema desarrollado en EEUU ayuda [&hellip;]","og_url":"https:\/\/ifscleaning.com\/index.php\/cristalizacion\/","og_site_name":"Ifs Cleaning","article_modified_time":"2021-03-15T23:10:21+00:00","og_image":[{"url":"http:\/\/ifscleaning.com\/wp-content\/uploads\/2021\/02\/Diamond-2.png"}],"twitter_card":"summary_large_image","twitter_misc":{"Tiempo de lectura":"1 minuto"},"schema":{"@context":"https:\/\/schema.org","@graph":[{"@type":"WebSite","@id":"https:\/\/ifscleaning.com\/#website","url":"https:\/\/ifscleaning.com\/","name":"Ifs Cleaning","description":"Cleaning different","potentialAction":[{"@type":"SearchAction","target":{"@type":"EntryPoint","urlTemplate":"https:\/\/ifscleaning.com\/?s={search_term_string}"},"query-input":"required name=search_term_string"}],"inLanguage":"es"},{"@type":"ImageObject","@id":"https:\/\/ifscleaning.com\/index.php\/cristalizacion\/#primaryimage","inLanguage":"es","url":"http:\/\/ifscleaning.com\/wp-content\/uploads\/2021\/02\/Diamond-2.png","contentUrl":"http:\/\/ifscleaning.com\/wp-content\/uploads\/2021\/02\/Diamond-2.png"},{"@type":"WebPage","@id":"https:\/\/ifscleaning.com\/index.php\/cristalizacion\/#webpage","url":"https:\/\/ifscleaning.com\/index.php\/cristalizacion\/","name":"Cristalizaci\u00f3n - Ifs Cleaning","isPartOf":{"@id":"https:\/\/ifscleaning.com\/#website"},"primaryImageOfPage":{"@id":"https:\/\/ifscleaning.com\/index.php\/cristalizacion\/#primaryimage"},"datePublished":"2020-12-21T14:51:49+00:00","dateModified":"2021-03-15T23:10:21+00:00","breadcrumb":{"@id":"https:\/\/ifscleaning.com\/index.php\/cristalizacion\/#breadcrumb"},"inLanguage":"es","potentialAction":[{"@type":"ReadAction","target":["https:\/\/ifscleaning.com\/index.php\/cristalizacion\/"]}]},{"@type":"BreadcrumbList","@id":"https:\/\/ifscleaning.com\/index.php\/cristalizacion\/#breadcrumb","itemListElement":[{"@type":"ListItem","position":1,"name":"Portada","item":"https:\/\/ifscleaning.com\/"},{"@type":"ListItem","position":2,"name":"Cristalizaci\u00f3n"}]}]}},"_links":{"self":[{"href":"https:\/\/ifscleaning.com\/index.php\/wp-json\/wp\/v2\/pages\/1307"}],"collection":[{"href":"https:\/\/ifscleaning.com\/index.php\/wp-json\/wp\/v2\/pages"}],"about":[{"href":"https:\/\/ifscleaning.com\/index.php\/wp-json\/wp\/v2\/types\/page"}],"author":[{"embeddable":true,"href":"https:\/\/ifscleaning.com\/index.php\/wp-json\/wp\/v2\/users\/1"}],"replies":[{"embeddable":true,"href":"https:\/\/ifscleaning.com\/index.php\/wp-json\/wp\/v2\/comments?post=1307"}],"version-history":[{"count":112,"href":"https:\/\/ifscleaning.com\/index.php\/wp-json\/wp\/v2\/pages\/1307\/revisions"}],"predecessor-version":[{"id":3378,"href":"https:\/\/ifscleaning.com\/index.php\/wp-json\/wp\/v2\/pages\/1307\/revisions\/3378"}],"wp:attachment":[{"href":"https:\/\/ifscleaning.com\/index.php\/wp-json\/wp\/v2\/media?parent=1307"}],"curies":[{"name":"wp","href":"https:\/\/api.w.org\/{rel}","templated":true}]}}