{"id":1312,"date":"2020-12-21T14:57:07","date_gmt":"2020-12-21T14:57:07","guid":{"rendered":"http:\/\/ifscleaning.com\/?page_id=1312"},"modified":"2021-04-28T11:58:54","modified_gmt":"2021-04-28T11:58:54","slug":"limpieza","status":"publish","type":"page","link":"https:\/\/ifscleaning.com\/index.php\/limpieza\/","title":{"rendered":"Limpieza"},"content":{"rendered":"\t\t<div data-elementor-type=\"wp-page\" data-elementor-id=\"1312\" class=\"elementor elementor-1312\" data-elementor-settings=\"[]\">\n\t\t\t\t\t\t<div class=\"elementor-inner\">\n\t\t\t\t\t\t\t<div class=\"elementor-section-wrap\">\n\t\t\t\t\t\t\t<section class=\"has_ma_el_bg_slider elementor-section elementor-top-section elementor-element elementor-element-20fb7fe elementor-section-height-min-height elementor-section-content-middle elementor-section-stretched elementor-section-boxed elementor-section-height-default elementor-section-items-middle\" data-id=\"20fb7fe\" data-element_type=\"section\" data-settings=\"{&quot;background_background&quot;:&quot;classic&quot;,&quot;stretch_section&quot;:&quot;section-stretched&quot;}\">\n\t\t\t\t\t\t<div class=\"elementor-container elementor-column-gap-default\">\n\t\t\t\t\t\t\t<div class=\"elementor-row\">\n\t\t\t\t\t<div class=\"has_ma_el_bg_slider elementor-column elementor-col-33 elementor-top-column elementor-element elementor-element-7460e94\" data-id=\"7460e94\" data-element_type=\"column\">\n\t\t\t<div class=\"elementor-column-wrap\">\n\t\t\t\t\t\t\t<div class=\"elementor-widget-wrap\">\n\t\t\t\t\t\t\t\t<\/div>\n\t\t\t\t\t<\/div>\n\t\t<\/div>\n\t\t\t\t<div class=\"has_ma_el_bg_slider elementor-column elementor-col-33 elementor-top-column elementor-element elementor-element-b5d781c\" data-id=\"b5d781c\" data-element_type=\"column\">\n\t\t\t<div class=\"elementor-column-wrap elementor-element-populated\">\n\t\t\t\t\t\t\t<div class=\"elementor-widget-wrap\">\n\t\t\t\t\t\t<div class=\"elementor-element elementor-element-6643854 elementor-widget elementor-widget-heading\" data-id=\"6643854\" data-element_type=\"widget\" data-widget_type=\"heading.default\">\n\t\t\t\t<div class=\"elementor-widget-container\">\n\t\t\t<h2 class=\"elementor-heading-title elementor-size-default\">Limpieza<\/h2>\t\t<\/div>\n\t\t\t\t<\/div>\n\t\t\t\t<div class=\"elementor-element elementor-element-02a8176 elementor-widget elementor-widget-text-editor\" data-id=\"02a8176\" data-element_type=\"widget\" data-widget_type=\"text-editor.default\">\n\t\t\t\t<div class=\"elementor-widget-container\">\n\t\t\t\t\t\t\t\t<div class=\"elementor-text-editor elementor-clearfix\">\n\t\t\t\t\t<p>Resultados sorprendentes, lo nunca visto<\/p>\t\t\t\t\t<\/div>\n\t\t\t\t\t\t<\/div>\n\t\t\t\t<\/div>\n\t\t\t\t\t\t<\/div>\n\t\t\t\t\t<\/div>\n\t\t<\/div>\n\t\t\t\t<div class=\"has_ma_el_bg_slider elementor-column elementor-col-33 elementor-top-column elementor-element elementor-element-f3e67a4\" data-id=\"f3e67a4\" data-element_type=\"column\">\n\t\t\t<div class=\"elementor-column-wrap\">\n\t\t\t\t\t\t\t<div class=\"elementor-widget-wrap\">\n\t\t\t\t\t\t\t\t<\/div>\n\t\t\t\t\t<\/div>\n\t\t<\/div>\n\t\t\t\t\t\t\t\t<\/div>\n\t\t\t\t\t<\/div>\n\t\t<\/section>\n\t\t\t\t<section class=\"has_ma_el_bg_slider elementor-section elementor-top-section elementor-element elementor-element-89c45d1 elementor-section-height-min-height elementor-section-items-stretch elementor-section-boxed elementor-section-height-default\" data-id=\"89c45d1\" data-element_type=\"section\" data-settings=\"{&quot;background_background&quot;:&quot;classic&quot;}\">\n\t\t\t\t\t\t<div class=\"elementor-container elementor-column-gap-default\">\n\t\t\t\t\t\t\t<div class=\"elementor-row\">\n\t\t\t\t\t<div class=\"has_ma_el_bg_slider elementor-column elementor-col-50 elementor-top-column elementor-element elementor-element-ea3f8fc\" data-id=\"ea3f8fc\" data-element_type=\"column\" data-settings=\"{&quot;background_background&quot;:&quot;classic&quot;}\">\n\t\t\t<div class=\"elementor-column-wrap elementor-element-populated\">\n\t\t\t\t\t\t\t<div class=\"elementor-widget-wrap\">\n\t\t\t\t\t\t<section class=\"has_ma_el_bg_slider elementor-section elementor-inner-section elementor-element elementor-element-0d3a9f4 elementor-section-height-min-height elementor-section-boxed elementor-section-height-default\" data-id=\"0d3a9f4\" data-element_type=\"section\" data-settings=\"{&quot;background_background&quot;:&quot;video&quot;,&quot;background_video_link&quot;:&quot;http:\\\/\\\/ifscleaning.com\\\/wp-content\\\/uploads\\\/videos\\\/1606404951210.mp4&quot;,&quot;background_play_on_mobile&quot;:&quot;yes&quot;}\">\n\t\t\t\t\t\t\t\t<div class=\"elementor-background-video-container\">\n\t\t\t\t\t\t\t\t\t\t\t\t\t<video class=\"elementor-background-video-hosted elementor-html5-video\" autoplay muted playsinline loop><\/video>\n\t\t\t\t\t\t\t\t\t\t\t<\/div>\n\t\t\t\t\t\t\t\t<div class=\"elementor-container elementor-column-gap-default\">\n\t\t\t\t\t\t\t<div class=\"elementor-row\">\n\t\t\t\t\t<div class=\"has_ma_el_bg_slider elementor-column elementor-col-100 elementor-inner-column elementor-element elementor-element-e8cca43\" data-id=\"e8cca43\" data-element_type=\"column\">\n\t\t\t<div class=\"elementor-column-wrap\">\n\t\t\t\t\t\t\t<div class=\"elementor-widget-wrap\">\n\t\t\t\t\t\t\t\t<\/div>\n\t\t\t\t\t<\/div>\n\t\t<\/div>\n\t\t\t\t\t\t\t\t<\/div>\n\t\t\t\t\t<\/div>\n\t\t<\/section>\n\t\t\t\t\t\t<\/div>\n\t\t\t\t\t<\/div>\n\t\t<\/div>\n\t\t\t\t<div class=\"has_ma_el_bg_slider elementor-column elementor-col-50 elementor-top-column elementor-element elementor-element-ec7754d\" data-id=\"ec7754d\" data-element_type=\"column\">\n\t\t\t<div class=\"elementor-column-wrap elementor-element-populated\">\n\t\t\t\t\t\t\t<div class=\"elementor-widget-wrap\">\n\t\t\t\t\t\t<div class=\"elementor-element elementor-element-464fef7 elementor-widget elementor-widget-heading\" data-id=\"464fef7\" data-element_type=\"widget\" data-widget_type=\"heading.default\">\n\t\t\t\t<div class=\"elementor-widget-container\">\n\t\t\t<h2 class=\"elementor-heading-title elementor-size-default\">\u00bfCua\u0301l es el proceso de limpieza?<\/h2>\t\t<\/div>\n\t\t\t\t<\/div>\n\t\t\t\t<section class=\"has_ma_el_bg_slider elementor-section elementor-inner-section elementor-element elementor-element-adcd215 elementor-section-boxed elementor-section-height-default elementor-section-height-default\" data-id=\"adcd215\" data-element_type=\"section\">\n\t\t\t\t\t\t<div class=\"elementor-container elementor-column-gap-no\">\n\t\t\t\t\t\t\t<div class=\"elementor-row\">\n\t\t\t\t\t<div class=\"has_ma_el_bg_slider elementor-column elementor-col-50 elementor-inner-column elementor-element elementor-element-f7597f4\" data-id=\"f7597f4\" data-element_type=\"column\">\n\t\t\t<div class=\"elementor-column-wrap elementor-element-populated\">\n\t\t\t\t\t\t\t<div class=\"elementor-widget-wrap\">\n\t\t\t\t\t\t<div class=\"elementor-element elementor-element-1934e69 elementor-widget__width-auto elementor-widget elementor-widget-image\" data-id=\"1934e69\" data-element_type=\"widget\" data-widget_type=\"image.default\">\n\t\t\t\t<div class=\"elementor-widget-container\">\n\t\t\t\t\t\t\t\t<div class=\"elementor-image\">\n\t\t\t\t\t\t\t\t\t\t\t\t<img width=\"43\" height=\"171\" src=\"https:\/\/ifscleaning.com\/wp-content\/uploads\/2021\/03\/Puntos.png\" class=\"attachment-full size-full\" alt=\"\" loading=\"lazy\" \/>\t\t\t\t\t\t\t\t\t\t\t\t\t\t<\/div>\n\t\t\t\t\t\t<\/div>\n\t\t\t\t<\/div>\n\t\t\t\t\t\t<\/div>\n\t\t\t\t\t<\/div>\n\t\t<\/div>\n\t\t\t\t<div class=\"has_ma_el_bg_slider elementor-column elementor-col-50 elementor-inner-column elementor-element elementor-element-4f804ef\" data-id=\"4f804ef\" data-element_type=\"column\">\n\t\t\t<div class=\"elementor-column-wrap elementor-element-populated\">\n\t\t\t\t\t\t\t<div class=\"elementor-widget-wrap\">\n\t\t\t\t\t\t<div class=\"elementor-element elementor-element-ed6bdbb elementor-widget__width-auto elementor-widget elementor-widget-text-editor\" data-id=\"ed6bdbb\" data-element_type=\"widget\" data-widget_type=\"text-editor.default\">\n\t\t\t\t<div class=\"elementor-widget-container\">\n\t\t\t\t\t\t\t\t<div class=\"elementor-text-editor elementor-clearfix\">\n\t\t\t\t\t<p>ANALIZAR<br \/>ASPIRAR<br \/>DESMANCHAR<br \/>CRISTALIZAR<\/p>\t\t\t\t\t<\/div>\n\t\t\t\t\t\t<\/div>\n\t\t\t\t<\/div>\n\t\t\t\t\t\t<\/div>\n\t\t\t\t\t<\/div>\n\t\t<\/div>\n\t\t\t\t\t\t\t\t<\/div>\n\t\t\t\t\t<\/div>\n\t\t<\/section>\n\t\t\t\t\t\t<\/div>\n\t\t\t\t\t<\/div>\n\t\t<\/div>\n\t\t\t\t\t\t\t\t<\/div>\n\t\t\t\t\t<\/div>\n\t\t<\/section>\n\t\t\t\t<section class=\"has_ma_el_bg_slider elementor-section elementor-top-section elementor-element elementor-element-31ea8fc elementor-section-boxed elementor-section-height-default elementor-section-height-default\" data-id=\"31ea8fc\" data-element_type=\"section\">\n\t\t\t\t\t\t<div class=\"elementor-container elementor-column-gap-default\">\n\t\t\t\t\t\t\t<div class=\"elementor-row\">\n\t\t\t\t\t<div class=\"has_ma_el_bg_slider elementor-column elementor-col-100 elementor-top-column elementor-element elementor-element-14a25de\" data-id=\"14a25de\" data-element_type=\"column\">\n\t\t\t<div class=\"elementor-column-wrap elementor-element-populated\">\n\t\t\t\t\t\t\t<div class=\"elementor-widget-wrap\">\n\t\t\t\t\t\t<div class=\"elementor-element elementor-element-400247c elementor-widget elementor-widget-text-editor\" data-id=\"400247c\" data-element_type=\"widget\" data-widget_type=\"text-editor.default\">\n\t\t\t\t<div class=\"elementor-widget-container\">\n\t\t\t\t\t\t\t\t<div class=\"elementor-text-editor elementor-clearfix\">\n\t\t\t\t\t<p>Nuestro equipo t\u00e9cnico-comercial realiza una visita previa para analizar el tipo de moqueta que hay (bucle, pelo cortado, perfil plano, fibra sint\u00e9tica, fibra natural\u2026) y valorar el nivel de suciedad para determinar el procedimiento adecuado. Cuando empezamos con la limpieza propiamente dicha, el primer paso es realizar un aspirado de toda la superficie con cepillo giratorio, es el momento en que nuestro operario se familiariza con el lugar y detecta las manchas o las zonas m\u00e1s sucias que necesitar\u00e1n una atenci\u00f3n especial por su parte. El siguiente paso es el desmanchado utilizando nuestros productos espec\u00edficos para manchas, ya sean de caf\u00e9 <span style=\"color: #a1c451;\"><strong>PROCOFFEE<\/strong><\/span> como de grasa o cualquier otro tipo (<span style=\"color: #a1c451;\"><strong>SPOT REMOVER<\/strong><\/span>). Y por \u00faltimo, realizamos el proceso de cristalizaci\u00f3n con nuestra exclusiva maquinaria<\/p>\t\t\t\t\t<\/div>\n\t\t\t\t\t\t<\/div>\n\t\t\t\t<\/div>\n\t\t\t\t<div class=\"elementor-element elementor-element-de19e90 elementor-widget elementor-widget-image\" data-id=\"de19e90\" data-element_type=\"widget\" data-widget_type=\"image.default\">\n\t\t\t\t<div class=\"elementor-widget-container\">\n\t\t\t\t\t\t\t\t<div class=\"elementor-image\">\n\t\t\t\t\t\t\t\t\t\t\t\t<img width=\"696\" height=\"341\" src=\"https:\/\/ifscleaning.com\/wp-content\/uploads\/2021\/02\/TATIANA-FLECHAS-LIMPIEZA.jpg\" class=\"attachment-full size-full\" alt=\"\" loading=\"lazy\" srcset=\"https:\/\/ifscleaning.com\/wp-content\/uploads\/2021\/02\/TATIANA-FLECHAS-LIMPIEZA.jpg 696w, https:\/\/ifscleaning.com\/wp-content\/uploads\/2021\/02\/TATIANA-FLECHAS-LIMPIEZA-300x147.jpg 300w\" sizes=\"(max-width: 696px) 100vw, 696px\" \/>\t\t\t\t\t\t\t\t\t\t\t\t\t\t<\/div>\n\t\t\t\t\t\t<\/div>\n\t\t\t\t<\/div>\n\t\t\t\t\t\t<\/div>\n\t\t\t\t\t<\/div>\n\t\t<\/div>\n\t\t\t\t\t\t\t\t<\/div>\n\t\t\t\t\t<\/div>\n\t\t<\/section>\n\t\t\t\t<section class=\"has_ma_el_bg_slider elementor-section elementor-top-section elementor-element elementor-element-2114048 elementor-section-boxed elementor-section-height-default elementor-section-height-default\" data-id=\"2114048\" data-element_type=\"section\" data-settings=\"{&quot;background_background&quot;:&quot;classic&quot;}\">\n\t\t\t\t\t\t<div class=\"elementor-container elementor-column-gap-default\">\n\t\t\t\t\t\t\t<div class=\"elementor-row\">\n\t\t\t\t\t<div class=\"has_ma_el_bg_slider elementor-column elementor-col-50 elementor-top-column elementor-element elementor-element-f57d33c\" data-id=\"f57d33c\" data-element_type=\"column\">\n\t\t\t<div class=\"elementor-column-wrap elementor-element-populated\">\n\t\t\t\t\t\t\t<div class=\"elementor-widget-wrap\">\n\t\t\t\t\t\t<div class=\"elementor-element elementor-element-93b01c9 elementor-widget elementor-widget-text-editor\" data-id=\"93b01c9\" data-element_type=\"widget\" data-widget_type=\"text-editor.default\">\n\t\t\t\t<div class=\"elementor-widget-container\">\n\t\t\t\t\t\t\t\t<div class=\"elementor-text-editor elementor-clearfix\">\n\t\t\t\t\t<div class=\"page\" title=\"Page 1\">\n<div class=\"section\">\n<div class=\"layoutArea\">\n<div class=\"column\">\n<p>Los 3 cepillos de nuestra ma\u0301quina permiten llegar a la rai\u0301z de la fibra levantando toda la suciedad, que queda atrapada y cristalizada gracias al producto que roci\u0301a la ma\u0301quina.<\/p>\n<p>Usamos cepillos de diferentes durezas segu\u0301n el tipo de fibra, cepillos blandos para fibras naturales y cepillos medio\/duros para fibras sint\u00e9ticas.<\/p>\n<\/div>\n<\/div>\n<\/div>\n<\/div>\t\t\t\t\t<\/div>\n\t\t\t\t\t\t<\/div>\n\t\t\t\t<\/div>\n\t\t\t\t\t\t<\/div>\n\t\t\t\t\t<\/div>\n\t\t<\/div>\n\t\t\t\t<div class=\"has_ma_el_bg_slider elementor-column elementor-col-50 elementor-top-column elementor-element elementor-element-f2b6ea6\" data-id=\"f2b6ea6\" data-element_type=\"column\">\n\t\t\t<div class=\"elementor-column-wrap elementor-element-populated\">\n\t\t\t\t\t\t\t<div class=\"elementor-widget-wrap\">\n\t\t\t\t\t\t<div class=\"elementor-element elementor-element-d54fe9c elementor-widget elementor-widget-jet-video\" data-id=\"d54fe9c\" data-element_type=\"widget\" data-widget_type=\"jet-video.default\">\n\t\t\t\t<div class=\"elementor-widget-container\">\n\t\t\t<div class=\"elementor-jet-video jet-elements\">\n<div class=\"jet-video jet-video--fa5-compat\" data-settings=\"{&quot;lightbox&quot;:false,&quot;autoplay&quot;:true}\"><video class=\"jet-video-player jet-video-html5-player\" src=\"http:\/\/ifscleaning.com\/wp-content\/uploads\/videos\/Cleaning%20Service%2000.mp4\" autoplay=\"\" loop=\"\" muted=\"\"><\/video><\/div>\n<\/div>\t\t<\/div>\n\t\t\t\t<\/div>\n\t\t\t\t\t\t<\/div>\n\t\t\t\t\t<\/div>\n\t\t<\/div>\n\t\t\t\t\t\t\t\t<\/div>\n\t\t\t\t\t<\/div>\n\t\t<\/section>\n\t\t\t\t\t\t<\/div>\n\t\t\t\t\t\t<\/div>\n\t\t\t\t\t<\/div>\n\t\t","protected":false},"excerpt":{"rendered":"<p>Limpieza Resultados sorprendentes, lo nunca visto \u00bfCua\u0301l es el proceso de limpieza? ANALIZARASPIRARDESMANCHARCRISTALIZAR Nuestro equipo t\u00e9cnico-comercial realiza una visita previa para analizar el tipo de moqueta que hay (bucle, pelo cortado, perfil plano, fibra sint\u00e9tica, fibra natural\u2026) y valorar el nivel de suciedad para determinar el procedimiento adecuado. Cuando empezamos con la limpieza propiamente dicha, [&hellip;]<\/p>\n","protected":false},"author":1,"featured_media":0,"parent":0,"menu_order":0,"comment_status":"closed","ping_status":"closed","template":"elementor_header_footer","meta":[],"yoast_head":"<!-- This site is optimized with the Yoast SEO plugin v16.7 - https:\/\/yoast.com\/wordpress\/plugins\/seo\/ -->\n<title>Limpieza - Ifs Cleaning<\/title>\n<meta name=\"robots\" content=\"index, follow, max-snippet:-1, max-image-preview:large, max-video-preview:-1\" \/>\n<link rel=\"canonical\" href=\"https:\/\/ifscleaning.com\/index.php\/limpieza\/\" \/>\n<meta property=\"og:locale\" content=\"es_ES\" \/>\n<meta property=\"og:type\" content=\"article\" \/>\n<meta property=\"og:title\" content=\"Limpieza - Ifs Cleaning\" \/>\n<meta property=\"og:description\" content=\"Limpieza Resultados sorprendentes, lo nunca visto \u00bfCua\u0301l es el proceso de limpieza? ANALIZARASPIRARDESMANCHARCRISTALIZAR Nuestro equipo t\u00e9cnico-comercial realiza una visita previa para analizar el tipo de moqueta que hay (bucle, pelo cortado, perfil plano, fibra sint\u00e9tica, fibra natural\u2026) y valorar el nivel de suciedad para determinar el procedimiento adecuado. Cuando empezamos con la limpieza propiamente dicha, [&hellip;]\" \/>\n<meta property=\"og:url\" content=\"https:\/\/ifscleaning.com\/index.php\/limpieza\/\" \/>\n<meta property=\"og:site_name\" content=\"Ifs Cleaning\" \/>\n<meta property=\"article:modified_time\" content=\"2021-04-28T11:58:54+00:00\" \/>\n<meta property=\"og:image\" content=\"https:\/\/ifscleaning.com\/wp-content\/uploads\/2021\/03\/Puntos.png\" \/>\n<meta name=\"twitter:card\" content=\"summary_large_image\" \/>\n<meta name=\"twitter:label1\" content=\"Tiempo de lectura\" \/>\n\t<meta name=\"twitter:data1\" content=\"1 minuto\" \/>\n<script type=\"application\/ld+json\" class=\"yoast-schema-graph\">{\"@context\":\"https:\/\/schema.org\",\"@graph\":[{\"@type\":\"WebSite\",\"@id\":\"https:\/\/ifscleaning.com\/#website\",\"url\":\"https:\/\/ifscleaning.com\/\",\"name\":\"Ifs Cleaning\",\"description\":\"Cleaning different\",\"potentialAction\":[{\"@type\":\"SearchAction\",\"target\":{\"@type\":\"EntryPoint\",\"urlTemplate\":\"https:\/\/ifscleaning.com\/?s={search_term_string}\"},\"query-input\":\"required name=search_term_string\"}],\"inLanguage\":\"es\"},{\"@type\":\"ImageObject\",\"@id\":\"https:\/\/ifscleaning.com\/index.php\/limpieza\/#primaryimage\",\"inLanguage\":\"es\",\"url\":\"https:\/\/ifscleaning.com\/wp-content\/uploads\/2021\/03\/Puntos.png\",\"contentUrl\":\"https:\/\/ifscleaning.com\/wp-content\/uploads\/2021\/03\/Puntos.png\",\"width\":43,\"height\":171},{\"@type\":\"WebPage\",\"@id\":\"https:\/\/ifscleaning.com\/index.php\/limpieza\/#webpage\",\"url\":\"https:\/\/ifscleaning.com\/index.php\/limpieza\/\",\"name\":\"Limpieza - Ifs Cleaning\",\"isPartOf\":{\"@id\":\"https:\/\/ifscleaning.com\/#website\"},\"primaryImageOfPage\":{\"@id\":\"https:\/\/ifscleaning.com\/index.php\/limpieza\/#primaryimage\"},\"datePublished\":\"2020-12-21T14:57:07+00:00\",\"dateModified\":\"2021-04-28T11:58:54+00:00\",\"breadcrumb\":{\"@id\":\"https:\/\/ifscleaning.com\/index.php\/limpieza\/#breadcrumb\"},\"inLanguage\":\"es\",\"potentialAction\":[{\"@type\":\"ReadAction\",\"target\":[\"https:\/\/ifscleaning.com\/index.php\/limpieza\/\"]}]},{\"@type\":\"BreadcrumbList\",\"@id\":\"https:\/\/ifscleaning.com\/index.php\/limpieza\/#breadcrumb\",\"itemListElement\":[{\"@type\":\"ListItem\",\"position\":1,\"name\":\"Portada\",\"item\":\"https:\/\/ifscleaning.com\/\"},{\"@type\":\"ListItem\",\"position\":2,\"name\":\"Limpieza\"}]}]}<\/script>\n<!-- \/ Yoast SEO plugin. -->","yoast_head_json":{"title":"Limpieza - Ifs Cleaning","robots":{"index":"index","follow":"follow","max-snippet":"max-snippet:-1","max-image-preview":"max-image-preview:large","max-video-preview":"max-video-preview:-1"},"canonical":"https:\/\/ifscleaning.com\/index.php\/limpieza\/","og_locale":"es_ES","og_type":"article","og_title":"Limpieza - Ifs Cleaning","og_description":"Limpieza Resultados sorprendentes, lo nunca visto \u00bfCua\u0301l es el proceso de limpieza? ANALIZARASPIRARDESMANCHARCRISTALIZAR Nuestro equipo t\u00e9cnico-comercial realiza una visita previa para analizar el tipo de moqueta que hay (bucle, pelo cortado, perfil plano, fibra sint\u00e9tica, fibra natural\u2026) y valorar el nivel de suciedad para determinar el procedimiento adecuado. Cuando empezamos con la limpieza propiamente dicha, [&hellip;]","og_url":"https:\/\/ifscleaning.com\/index.php\/limpieza\/","og_site_name":"Ifs Cleaning","article_modified_time":"2021-04-28T11:58:54+00:00","og_image":[{"url":"https:\/\/ifscleaning.com\/wp-content\/uploads\/2021\/03\/Puntos.png"}],"twitter_card":"summary_large_image","twitter_misc":{"Tiempo de lectura":"1 minuto"},"schema":{"@context":"https:\/\/schema.org","@graph":[{"@type":"WebSite","@id":"https:\/\/ifscleaning.com\/#website","url":"https:\/\/ifscleaning.com\/","name":"Ifs Cleaning","description":"Cleaning different","potentialAction":[{"@type":"SearchAction","target":{"@type":"EntryPoint","urlTemplate":"https:\/\/ifscleaning.com\/?s={search_term_string}"},"query-input":"required name=search_term_string"}],"inLanguage":"es"},{"@type":"ImageObject","@id":"https:\/\/ifscleaning.com\/index.php\/limpieza\/#primaryimage","inLanguage":"es","url":"https:\/\/ifscleaning.com\/wp-content\/uploads\/2021\/03\/Puntos.png","contentUrl":"https:\/\/ifscleaning.com\/wp-content\/uploads\/2021\/03\/Puntos.png","width":43,"height":171},{"@type":"WebPage","@id":"https:\/\/ifscleaning.com\/index.php\/limpieza\/#webpage","url":"https:\/\/ifscleaning.com\/index.php\/limpieza\/","name":"Limpieza - Ifs Cleaning","isPartOf":{"@id":"https:\/\/ifscleaning.com\/#website"},"primaryImageOfPage":{"@id":"https:\/\/ifscleaning.com\/index.php\/limpieza\/#primaryimage"},"datePublished":"2020-12-21T14:57:07+00:00","dateModified":"2021-04-28T11:58:54+00:00","breadcrumb":{"@id":"https:\/\/ifscleaning.com\/index.php\/limpieza\/#breadcrumb"},"inLanguage":"es","potentialAction":[{"@type":"ReadAction","target":["https:\/\/ifscleaning.com\/index.php\/limpieza\/"]}]},{"@type":"BreadcrumbList","@id":"https:\/\/ifscleaning.com\/index.php\/limpieza\/#breadcrumb","itemListElement":[{"@type":"ListItem","position":1,"name":"Portada","item":"https:\/\/ifscleaning.com\/"},{"@type":"ListItem","position":2,"name":"Limpieza"}]}]}},"_links":{"self":[{"href":"https:\/\/ifscleaning.com\/index.php\/wp-json\/wp\/v2\/pages\/1312"}],"collection":[{"href":"https:\/\/ifscleaning.com\/index.php\/wp-json\/wp\/v2\/pages"}],"about":[{"href":"https:\/\/ifscleaning.com\/index.php\/wp-json\/wp\/v2\/types\/page"}],"author":[{"embeddable":true,"href":"https:\/\/ifscleaning.com\/index.php\/wp-json\/wp\/v2\/users\/1"}],"replies":[{"embeddable":true,"href":"https:\/\/ifscleaning.com\/index.php\/wp-json\/wp\/v2\/comments?post=1312"}],"version-history":[{"count":211,"href":"https:\/\/ifscleaning.com\/index.php\/wp-json\/wp\/v2\/pages\/1312\/revisions"}],"predecessor-version":[{"id":3524,"href":"https:\/\/ifscleaning.com\/index.php\/wp-json\/wp\/v2\/pages\/1312\/revisions\/3524"}],"wp:attachment":[{"href":"https:\/\/ifscleaning.com\/index.php\/wp-json\/wp\/v2\/media?parent=1312"}],"curies":[{"name":"wp","href":"https:\/\/api.w.org\/{rel}","templated":true}]}}