{"id":1326,"date":"2020-12-21T14:59:38","date_gmt":"2020-12-21T14:59:38","guid":{"rendered":"http:\/\/ifscleaning.com\/?page_id=1326"},"modified":"2021-03-18T22:46:25","modified_gmt":"2021-03-18T22:46:25","slug":"demostracion","status":"publish","type":"page","link":"https:\/\/ifscleaning.com\/index.php\/demostracion\/","title":{"rendered":"Demostraci\u00f3n"},"content":{"rendered":"\t\t<div data-elementor-type=\"wp-page\" data-elementor-id=\"1326\" class=\"elementor elementor-1326\" data-elementor-settings=\"[]\">\n\t\t\t\t\t\t<div class=\"elementor-inner\">\n\t\t\t\t\t\t\t<div class=\"elementor-section-wrap\">\n\t\t\t\t\t\t\t<section class=\"has_ma_el_bg_slider elementor-section elementor-top-section elementor-element elementor-element-d9089b7 elementor-section-height-min-height elementor-section-content-middle elementor-section-stretched elementor-section-boxed elementor-section-height-default elementor-section-items-middle\" data-id=\"d9089b7\" data-element_type=\"section\" data-settings=\"{&quot;background_background&quot;:&quot;classic&quot;,&quot;stretch_section&quot;:&quot;section-stretched&quot;}\">\n\t\t\t\t\t\t<div class=\"elementor-container elementor-column-gap-default\">\n\t\t\t\t\t\t\t<div class=\"elementor-row\">\n\t\t\t\t\t<div class=\"has_ma_el_bg_slider elementor-column elementor-col-33 elementor-top-column elementor-element elementor-element-799c3a8\" data-id=\"799c3a8\" data-element_type=\"column\">\n\t\t\t<div class=\"elementor-column-wrap\">\n\t\t\t\t\t\t\t<div class=\"elementor-widget-wrap\">\n\t\t\t\t\t\t\t\t<\/div>\n\t\t\t\t\t<\/div>\n\t\t<\/div>\n\t\t\t\t<div class=\"has_ma_el_bg_slider elementor-column elementor-col-33 elementor-top-column elementor-element elementor-element-b33eb42\" data-id=\"b33eb42\" data-element_type=\"column\">\n\t\t\t<div class=\"elementor-column-wrap elementor-element-populated\">\n\t\t\t\t\t\t\t<div class=\"elementor-widget-wrap\">\n\t\t\t\t\t\t<div class=\"elementor-element elementor-element-b44968f elementor-widget elementor-widget-heading\" data-id=\"b44968f\" data-element_type=\"widget\" data-widget_type=\"heading.default\">\n\t\t\t\t<div class=\"elementor-widget-container\">\n\t\t\t<h2 class=\"elementor-heading-title elementor-size-default\">Demostraci\u00f3n<\/h2>\t\t<\/div>\n\t\t\t\t<\/div>\n\t\t\t\t<div class=\"elementor-element elementor-element-8e0e2bc elementor-widget elementor-widget-text-editor\" data-id=\"8e0e2bc\" data-element_type=\"widget\" data-widget_type=\"text-editor.default\">\n\t\t\t\t<div class=\"elementor-widget-container\">\n\t\t\t\t\t\t\t\t<div class=\"elementor-text-editor elementor-clearfix\">\n\t\t\t\t\t<p>una imagen vale m\u00e1s que mil palabras<\/p>\t\t\t\t\t<\/div>\n\t\t\t\t\t\t<\/div>\n\t\t\t\t<\/div>\n\t\t\t\t\t\t<\/div>\n\t\t\t\t\t<\/div>\n\t\t<\/div>\n\t\t\t\t<div class=\"has_ma_el_bg_slider elementor-column elementor-col-33 elementor-top-column elementor-element elementor-element-f16927e\" data-id=\"f16927e\" data-element_type=\"column\">\n\t\t\t<div class=\"elementor-column-wrap\">\n\t\t\t\t\t\t\t<div class=\"elementor-widget-wrap\">\n\t\t\t\t\t\t\t\t<\/div>\n\t\t\t\t\t<\/div>\n\t\t<\/div>\n\t\t\t\t\t\t\t\t<\/div>\n\t\t\t\t\t<\/div>\n\t\t<\/section>\n\t\t\t\t<section class=\"has_ma_el_bg_slider elementor-section elementor-top-section elementor-element elementor-element-709dc7a elementor-section-height-min-height elementor-section-items-stretch elementor-section-boxed elementor-section-height-default\" data-id=\"709dc7a\" data-element_type=\"section\" data-settings=\"{&quot;background_background&quot;:&quot;classic&quot;}\">\n\t\t\t\t\t\t<div class=\"elementor-container elementor-column-gap-no\">\n\t\t\t\t\t\t\t<div class=\"elementor-row\">\n\t\t\t\t\t<div class=\"has_ma_el_bg_slider elementor-column elementor-col-100 elementor-top-column elementor-element elementor-element-66039c0\" data-id=\"66039c0\" data-element_type=\"column\">\n\t\t\t<div class=\"elementor-column-wrap elementor-element-populated\">\n\t\t\t\t\t\t\t<div class=\"elementor-widget-wrap\">\n\t\t\t\t\t\t<div class=\"elementor-element elementor-element-69379b6 elementor-widget elementor-widget-heading\" data-id=\"69379b6\" data-element_type=\"widget\" data-widget_type=\"heading.default\">\n\t\t\t\t<div class=\"elementor-widget-container\">\n\t\t\t<h2 class=\"elementor-heading-title elementor-size-default\">\u00bfQuieres ver nuestros resultados en primera persona? <\/h2>\t\t<\/div>\n\t\t\t\t<\/div>\n\t\t\t\t<div class=\"elementor-element elementor-element-46155d8 elementor-widget elementor-widget-heading\" data-id=\"46155d8\" data-element_type=\"widget\" data-widget_type=\"heading.default\">\n\t\t\t\t<div class=\"elementor-widget-container\">\n\t\t\t<h2 class=\"elementor-heading-title elementor-size-default\">Pi\u0301denos una demostracio\u0301n gratis sin compromiso\u200b<\/h2>\t\t<\/div>\n\t\t\t\t<\/div>\n\t\t\t\t\t\t<\/div>\n\t\t\t\t\t<\/div>\n\t\t<\/div>\n\t\t\t\t<div class=\"has_ma_el_bg_slider elementor-column elementor-col-100 elementor-top-column elementor-element elementor-element-d86fb14\" data-id=\"d86fb14\" data-element_type=\"column\" data-settings=\"{&quot;background_background&quot;:&quot;classic&quot;}\">\n\t\t\t<div class=\"elementor-column-wrap elementor-element-populated\">\n\t\t\t\t\t\t\t<div class=\"elementor-widget-wrap\">\n\t\t\t\t\t\t<section class=\"has_ma_el_bg_slider elementor-section elementor-inner-section elementor-element elementor-element-8e5427a elementor-section-height-min-height elementor-section-boxed elementor-section-height-default\" data-id=\"8e5427a\" data-element_type=\"section\" data-settings=\"{&quot;background_background&quot;:&quot;video&quot;,&quot;background_video_link&quot;:&quot;http:\\\/\\\/ifscleaning.com\\\/wp-content\\\/uploads\\\/2021\\\/01\\\/Tatiana-VIDEO-PARA-DEMOSTRACION.mp4&quot;,&quot;background_play_on_mobile&quot;:&quot;yes&quot;}\">\n\t\t\t\t\t\t\t\t<div class=\"elementor-background-video-container\">\n\t\t\t\t\t\t\t\t\t\t\t\t\t<video class=\"elementor-background-video-hosted elementor-html5-video\" autoplay muted playsinline loop><\/video>\n\t\t\t\t\t\t\t\t\t\t\t<\/div>\n\t\t\t\t\t\t\t\t<div class=\"elementor-container elementor-column-gap-default\">\n\t\t\t\t\t\t\t<div class=\"elementor-row\">\n\t\t\t\t\t<div class=\"has_ma_el_bg_slider elementor-column elementor-col-100 elementor-inner-column elementor-element elementor-element-bf37367\" data-id=\"bf37367\" data-element_type=\"column\" data-settings=\"{&quot;background_background&quot;:&quot;classic&quot;}\">\n\t\t\t<div class=\"elementor-column-wrap\">\n\t\t\t\t\t\t\t<div class=\"elementor-widget-wrap\">\n\t\t\t\t\t\t\t\t<\/div>\n\t\t\t\t\t<\/div>\n\t\t<\/div>\n\t\t\t\t\t\t\t\t<\/div>\n\t\t\t\t\t<\/div>\n\t\t<\/section>\n\t\t\t\t\t\t<\/div>\n\t\t\t\t\t<\/div>\n\t\t<\/div>\n\t\t\t\t\t\t\t\t<\/div>\n\t\t\t\t\t<\/div>\n\t\t<\/section>\n\t\t\t\t<section class=\"has_ma_el_bg_slider elementor-section elementor-top-section elementor-element elementor-element-16685d8 elementor-section-height-min-height elementor-section-items-stretch elementor-section-boxed elementor-section-height-default\" data-id=\"16685d8\" data-element_type=\"section\" data-settings=\"{&quot;background_background&quot;:&quot;classic&quot;}\">\n\t\t\t\t\t\t<div class=\"elementor-container elementor-column-gap-default\">\n\t\t\t\t\t\t\t<div class=\"elementor-row\">\n\t\t\t\t\t<div class=\"has_ma_el_bg_slider elementor-column elementor-col-100 elementor-top-column elementor-element elementor-element-6b4b0c4\" data-id=\"6b4b0c4\" data-element_type=\"column\" data-settings=\"{&quot;background_background&quot;:&quot;classic&quot;}\">\n\t\t\t<div class=\"elementor-column-wrap elementor-element-populated\">\n\t\t\t\t\t\t\t<div class=\"elementor-widget-wrap\">\n\t\t\t\t\t\t<div class=\"elementor-element elementor-element-d840a0a elementor-widget elementor-widget-spacer\" data-id=\"d840a0a\" data-element_type=\"widget\" data-widget_type=\"spacer.default\">\n\t\t\t\t<div class=\"elementor-widget-container\">\n\t\t\t\t\t<div class=\"elementor-spacer\">\n\t\t\t<div class=\"elementor-spacer-inner\"><\/div>\n\t\t<\/div>\n\t\t\t\t<\/div>\n\t\t\t\t<\/div>\n\t\t\t\t\t\t<\/div>\n\t\t\t\t\t<\/div>\n\t\t<\/div>\n\t\t\t\t<div class=\"has_ma_el_bg_slider elementor-column elementor-col-100 elementor-top-column elementor-element elementor-element-a11d57f\" data-id=\"a11d57f\" data-element_type=\"column\">\n\t\t\t<div class=\"elementor-column-wrap elementor-element-populated\">\n\t\t\t\t\t\t\t<div class=\"elementor-widget-wrap\">\n\t\t\t\t\t\t<div class=\"elementor-element elementor-element-b7abab0 elementor-widget elementor-widget-heading\" data-id=\"b7abab0\" data-element_type=\"widget\" data-widget_type=\"heading.default\">\n\t\t\t\t<div class=\"elementor-widget-container\">\n\t\t\t<h2 class=\"elementor-heading-title elementor-size-default\">Oficina en<br> Barcelona<\/h2>\t\t<\/div>\n\t\t\t\t<\/div>\n\t\t\t\t<div class=\"elementor-element elementor-element-45edb69 elementor-widget elementor-widget-text-editor\" data-id=\"45edb69\" data-element_type=\"widget\" data-widget_type=\"text-editor.default\">\n\t\t\t\t<div class=\"elementor-widget-container\">\n\t\t\t\t\t\t\t\t<div class=\"elementor-text-editor elementor-clearfix\">\n\t\t\t\t\t<p>ANTES Y DESPU\u00c9S<\/p>\t\t\t\t\t<\/div>\n\t\t\t\t\t\t<\/div>\n\t\t\t\t<\/div>\n\t\t\t\t\t\t<\/div>\n\t\t\t\t\t<\/div>\n\t\t<\/div>\n\t\t\t\t\t\t\t\t<\/div>\n\t\t\t\t\t<\/div>\n\t\t<\/section>\n\t\t\t\t<section class=\"has_ma_el_bg_slider elementor-section elementor-top-section elementor-element elementor-element-436be90 elementor-section-height-min-height elementor-section-boxed elementor-section-height-default elementor-section-items-middle\" data-id=\"436be90\" data-element_type=\"section\" data-settings=\"{&quot;background_background&quot;:&quot;classic&quot;}\">\n\t\t\t\t\t\t<div class=\"elementor-container elementor-column-gap-default\">\n\t\t\t\t\t\t\t<div class=\"elementor-row\">\n\t\t\t\t\t<div class=\"has_ma_el_bg_slider elementor-column elementor-col-50 elementor-top-column elementor-element elementor-element-fb70e6e\" data-id=\"fb70e6e\" data-element_type=\"column\">\n\t\t\t<div class=\"elementor-column-wrap elementor-element-populated\">\n\t\t\t\t\t\t\t<div class=\"elementor-widget-wrap\">\n\t\t\t\t\t\t<div class=\"elementor-element elementor-element-0661958 elementor-widget elementor-widget-heading\" data-id=\"0661958\" data-element_type=\"widget\" data-widget_type=\"heading.default\">\n\t\t\t\t<div class=\"elementor-widget-container\">\n\t\t\t<h2 class=\"elementor-heading-title elementor-size-default\">Compa\u00f1\u00eda a\u00e9rea<\/h2>\t\t<\/div>\n\t\t\t\t<\/div>\n\t\t\t\t<div class=\"elementor-element elementor-element-e4a6883 elementor-widget elementor-widget-text-editor\" data-id=\"e4a6883\" data-element_type=\"widget\" data-widget_type=\"text-editor.default\">\n\t\t\t\t<div class=\"elementor-widget-container\">\n\t\t\t\t\t\t\t\t<div class=\"elementor-text-editor elementor-clearfix\">\n\t\t\t\t\t<p>ANTES Y DESPU\u00c9S<\/p>\t\t\t\t\t<\/div>\n\t\t\t\t\t\t<\/div>\n\t\t\t\t<\/div>\n\t\t\t\t\t\t<\/div>\n\t\t\t\t\t<\/div>\n\t\t<\/div>\n\t\t\t\t<div class=\"has_ma_el_bg_slider elementor-column elementor-col-50 elementor-top-column elementor-element elementor-element-b0f43e1\" data-id=\"b0f43e1\" data-element_type=\"column\">\n\t\t\t<div class=\"elementor-column-wrap elementor-element-populated\">\n\t\t\t\t\t\t\t<div class=\"elementor-widget-wrap\">\n\t\t\t\t\t\t<div class=\"elementor-element elementor-element-3923e59 elementor-widget elementor-widget-image\" data-id=\"3923e59\" data-element_type=\"widget\" data-widget_type=\"image.default\">\n\t\t\t\t<div class=\"elementor-widget-container\">\n\t\t\t\t\t\t\t\t<div class=\"elementor-image\">\n\t\t\t\t\t\t\t\t\t\t\t\t<img width=\"800\" height=\"523\" src=\"https:\/\/ifscleaning.com\/wp-content\/uploads\/2020\/12\/IMAGEN-2@2x-2-1024x670.jpg\" class=\"attachment-large size-large\" alt=\"\" loading=\"lazy\" srcset=\"https:\/\/ifscleaning.com\/wp-content\/uploads\/2020\/12\/IMAGEN-2@2x-2-1024x670.jpg 1024w, https:\/\/ifscleaning.com\/wp-content\/uploads\/2020\/12\/IMAGEN-2@2x-2-300x196.jpg 300w, https:\/\/ifscleaning.com\/wp-content\/uploads\/2020\/12\/IMAGEN-2@2x-2-768x503.jpg 768w, https:\/\/ifscleaning.com\/wp-content\/uploads\/2020\/12\/IMAGEN-2@2x-2-1536x1006.jpg 1536w, https:\/\/ifscleaning.com\/wp-content\/uploads\/2020\/12\/IMAGEN-2@2x-2-2048x1341.jpg 2048w\" sizes=\"(max-width: 800px) 100vw, 800px\" \/>\t\t\t\t\t\t\t\t\t\t\t\t\t\t<\/div>\n\t\t\t\t\t\t<\/div>\n\t\t\t\t<\/div>\n\t\t\t\t\t\t<\/div>\n\t\t\t\t\t<\/div>\n\t\t<\/div>\n\t\t\t\t\t\t\t\t<\/div>\n\t\t\t\t\t<\/div>\n\t\t<\/section>\n\t\t\t\t<section class=\"has_ma_el_bg_slider elementor-section elementor-top-section elementor-element elementor-element-34ca902 elementor-section-height-min-height elementor-section-boxed elementor-section-height-default elementor-section-items-middle\" data-id=\"34ca902\" data-element_type=\"section\" data-settings=\"{&quot;background_background&quot;:&quot;classic&quot;}\">\n\t\t\t\t\t\t<div class=\"elementor-container elementor-column-gap-default\">\n\t\t\t\t\t\t\t<div class=\"elementor-row\">\n\t\t\t\t\t<div class=\"has_ma_el_bg_slider elementor-column elementor-col-50 elementor-top-column elementor-element elementor-element-b150a09\" data-id=\"b150a09\" data-element_type=\"column\">\n\t\t\t<div class=\"elementor-column-wrap elementor-element-populated\">\n\t\t\t\t\t\t\t<div class=\"elementor-widget-wrap\">\n\t\t\t\t\t\t<section class=\"has_ma_el_bg_slider elementor-section elementor-inner-section elementor-element elementor-element-2487259 elementor-section-height-min-height elementor-section-boxed elementor-section-height-default\" data-id=\"2487259\" data-element_type=\"section\" data-settings=\"{&quot;background_background&quot;:&quot;video&quot;,&quot;background_video_link&quot;:&quot;http:\\\/\\\/ifscleaning.com\\\/wp-content\\\/uploads\\\/videos\\\/VideoBote.mp4&quot;,&quot;background_play_on_mobile&quot;:&quot;yes&quot;}\">\n\t\t\t\t\t\t\t\t<div class=\"elementor-background-video-container\">\n\t\t\t\t\t\t\t\t\t\t\t\t\t<video class=\"elementor-background-video-hosted elementor-html5-video\" autoplay muted playsinline loop><\/video>\n\t\t\t\t\t\t\t\t\t\t\t<\/div>\n\t\t\t\t\t\t\t\t<div class=\"elementor-container elementor-column-gap-default\">\n\t\t\t\t\t\t\t<div class=\"elementor-row\">\n\t\t\t\t\t<div class=\"has_ma_el_bg_slider elementor-column elementor-col-100 elementor-inner-column elementor-element elementor-element-4f0b272\" data-id=\"4f0b272\" data-element_type=\"column\">\n\t\t\t<div class=\"elementor-column-wrap\">\n\t\t\t\t\t\t\t<div class=\"elementor-widget-wrap\">\n\t\t\t\t\t\t\t\t<\/div>\n\t\t\t\t\t<\/div>\n\t\t<\/div>\n\t\t\t\t\t\t\t\t<\/div>\n\t\t\t\t\t<\/div>\n\t\t<\/section>\n\t\t\t\t\t\t<\/div>\n\t\t\t\t\t<\/div>\n\t\t<\/div>\n\t\t\t\t<div class=\"has_ma_el_bg_slider elementor-column elementor-col-50 elementor-top-column elementor-element elementor-element-1a1ba47\" data-id=\"1a1ba47\" data-element_type=\"column\">\n\t\t\t<div class=\"elementor-column-wrap elementor-element-populated\">\n\t\t\t\t\t\t\t<div class=\"elementor-widget-wrap\">\n\t\t\t\t\t\t<div class=\"elementor-element elementor-element-b4a7f69 elementor-widget elementor-widget-text-editor\" data-id=\"b4a7f69\" data-element_type=\"widget\" data-widget_type=\"text-editor.default\">\n\t\t\t\t<div class=\"elementor-widget-container\">\n\t\t\t\t\t\t\t\t<div class=\"elementor-text-editor elementor-clearfix\">\n\t\t\t\t\t<p class=\"p1\"><span class=\"s1\">Para eliminar una mancha, lo primero que hacemos es pulverizar un poco de <span style=\"color: #a1c451;\"><b>Spot Remover<\/b><\/span> y aplicarlo con nuestra <span style=\"color: #a1c451;\"><b>esp\u00e1tula<\/b><\/span> agujereada que, con su exclusivo dise\u00f1o patentado, permite limpiar desde la ra\u00edz de la fibra sin aplastarla, ni dejar residuos de jab\u00f3n. Los residuos jabonosos suelen provocar que la moqueta se ensucie m\u00e1s en pocos d\u00edas.<\/span><\/p>\t\t\t\t\t<\/div>\n\t\t\t\t\t\t<\/div>\n\t\t\t\t<\/div>\n\t\t\t\t\t\t<\/div>\n\t\t\t\t\t<\/div>\n\t\t<\/div>\n\t\t\t\t\t\t\t\t<\/div>\n\t\t\t\t\t<\/div>\n\t\t<\/section>\n\t\t\t\t<section class=\"has_ma_el_bg_slider elementor-section elementor-top-section elementor-element elementor-element-0f061fb elementor-section-height-min-height elementor-section-boxed elementor-section-height-default elementor-section-items-middle\" data-id=\"0f061fb\" data-element_type=\"section\">\n\t\t\t\t\t\t<div class=\"elementor-container elementor-column-gap-default\">\n\t\t\t\t\t\t\t<div class=\"elementor-row\">\n\t\t\t\t\t<div class=\"has_ma_el_bg_slider elementor-column elementor-col-50 elementor-top-column elementor-element elementor-element-0c9554f\" data-id=\"0c9554f\" data-element_type=\"column\">\n\t\t\t<div class=\"elementor-column-wrap elementor-element-populated\">\n\t\t\t\t\t\t\t<div class=\"elementor-widget-wrap\">\n\t\t\t\t\t\t<div class=\"elementor-element elementor-element-5e0cab0 elementor-widget elementor-widget-text-editor\" data-id=\"5e0cab0\" data-element_type=\"widget\" data-widget_type=\"text-editor.default\">\n\t\t\t\t<div class=\"elementor-widget-container\">\n\t\t\t\t\t\t\t\t<div class=\"elementor-text-editor elementor-clearfix\">\n\t\t\t\t\t<p class=\"p1\"><span class=\"s1\">Algunas manchas, como las de \u00f3xido, son muy dif\u00edciles de eliminar sin da\u00f1ar la fibra pero aunque no salgan del todo en la mayor\u00eda de ocasiones conseguimos disimularlas.<\/span><\/p>\t\t\t\t\t<\/div>\n\t\t\t\t\t\t<\/div>\n\t\t\t\t<\/div>\n\t\t\t\t\t\t<\/div>\n\t\t\t\t\t<\/div>\n\t\t<\/div>\n\t\t\t\t<div class=\"has_ma_el_bg_slider elementor-column elementor-col-50 elementor-top-column elementor-element elementor-element-ee1fa95\" data-id=\"ee1fa95\" data-element_type=\"column\">\n\t\t\t<div class=\"elementor-column-wrap elementor-element-populated\">\n\t\t\t\t\t\t\t<div class=\"elementor-widget-wrap\">\n\t\t\t\t\t\t<div class=\"elementor-element elementor-element-ab8d56f elementor-aspect-ratio-169 elementor-widget elementor-widget-video\" data-id=\"ab8d56f\" data-element_type=\"widget\" data-settings=\"{&quot;video_type&quot;:&quot;hosted&quot;,&quot;autoplay&quot;:&quot;yes&quot;,&quot;play_on_mobile&quot;:&quot;yes&quot;,&quot;mute&quot;:&quot;yes&quot;,&quot;loop&quot;:&quot;yes&quot;,&quot;aspect_ratio&quot;:&quot;169&quot;}\" data-widget_type=\"video.default\">\n\t\t\t\t<div class=\"elementor-widget-container\">\n\t\t\t\t\t<div class=\"e-hosted-video elementor-wrapper elementor-fit-aspect-ratio elementor-open-inline\">\n\t\t\t\t\t<video class=\"elementor-video\" src=\"http:\/\/ifscleaning.com\/wp-content\/uploads\/videos\/TATIANA%20-%20video%20oxido.MOV\" autoplay=\"\" loop=\"\" muted=\"muted\" playsinline=\"\" controlsList=\"nodownload\"><\/video>\n\t\t\t\t<\/div>\n\t\t\t\t<\/div>\n\t\t\t\t<\/div>\n\t\t\t\t\t\t<\/div>\n\t\t\t\t\t<\/div>\n\t\t<\/div>\n\t\t\t\t\t\t\t\t<\/div>\n\t\t\t\t\t<\/div>\n\t\t<\/section>\n\t\t\t\t\t\t<\/div>\n\t\t\t\t\t\t<\/div>\n\t\t\t\t\t<\/div>\n\t\t","protected":false},"excerpt":{"rendered":"<p>Demostraci\u00f3n una imagen vale m\u00e1s que mil palabras \u00bfQuieres ver nuestros resultados en primera persona? Pi\u0301denos una demostracio\u0301n gratis sin compromiso\u200b Oficina en Barcelona ANTES Y DESPU\u00c9S Compa\u00f1\u00eda a\u00e9rea ANTES Y DESPU\u00c9S Para eliminar una mancha, lo primero que hacemos es pulverizar un poco de Spot Remover y aplicarlo con nuestra esp\u00e1tula agujereada que, con [&hellip;]<\/p>\n","protected":false},"author":1,"featured_media":0,"parent":0,"menu_order":0,"comment_status":"closed","ping_status":"closed","template":"elementor_header_footer","meta":[],"yoast_head":"<!-- This site is optimized with the Yoast SEO plugin v16.7 - https:\/\/yoast.com\/wordpress\/plugins\/seo\/ -->\n<title>Demostraci\u00f3n - Ifs Cleaning<\/title>\n<meta name=\"robots\" content=\"index, follow, max-snippet:-1, max-image-preview:large, max-video-preview:-1\" \/>\n<link rel=\"canonical\" href=\"https:\/\/ifscleaning.com\/index.php\/demostracion\/\" \/>\n<meta property=\"og:locale\" content=\"es_ES\" \/>\n<meta property=\"og:type\" content=\"article\" \/>\n<meta property=\"og:title\" content=\"Demostraci\u00f3n - Ifs Cleaning\" \/>\n<meta property=\"og:description\" content=\"Demostraci\u00f3n una imagen vale m\u00e1s que mil palabras \u00bfQuieres ver nuestros resultados en primera persona? Pi\u0301denos una demostracio\u0301n gratis sin compromiso\u200b Oficina en Barcelona ANTES Y DESPU\u00c9S Compa\u00f1\u00eda a\u00e9rea ANTES Y DESPU\u00c9S Para eliminar una mancha, lo primero que hacemos es pulverizar un poco de Spot Remover y aplicarlo con nuestra esp\u00e1tula agujereada que, con [&hellip;]\" \/>\n<meta property=\"og:url\" content=\"https:\/\/ifscleaning.com\/index.php\/demostracion\/\" \/>\n<meta property=\"og:site_name\" content=\"Ifs Cleaning\" \/>\n<meta property=\"article:modified_time\" content=\"2021-03-18T22:46:25+00:00\" \/>\n<meta property=\"og:image\" content=\"http:\/\/ifscleaning.com\/wp-content\/uploads\/2020\/12\/IMAGEN-2@2x-2-1024x670.jpg\" \/>\n<meta name=\"twitter:card\" content=\"summary_large_image\" \/>\n<meta name=\"twitter:label1\" content=\"Tiempo de lectura\" \/>\n\t<meta name=\"twitter:data1\" content=\"1 minuto\" \/>\n<script type=\"application\/ld+json\" class=\"yoast-schema-graph\">{\"@context\":\"https:\/\/schema.org\",\"@graph\":[{\"@type\":\"WebSite\",\"@id\":\"https:\/\/ifscleaning.com\/#website\",\"url\":\"https:\/\/ifscleaning.com\/\",\"name\":\"Ifs Cleaning\",\"description\":\"Cleaning different\",\"potentialAction\":[{\"@type\":\"SearchAction\",\"target\":{\"@type\":\"EntryPoint\",\"urlTemplate\":\"https:\/\/ifscleaning.com\/?s={search_term_string}\"},\"query-input\":\"required name=search_term_string\"}],\"inLanguage\":\"es\"},{\"@type\":\"ImageObject\",\"@id\":\"https:\/\/ifscleaning.com\/index.php\/demostracion\/#primaryimage\",\"inLanguage\":\"es\",\"url\":\"http:\/\/ifscleaning.com\/wp-content\/uploads\/2020\/12\/IMAGEN-2@2x-2-1024x670.jpg\",\"contentUrl\":\"http:\/\/ifscleaning.com\/wp-content\/uploads\/2020\/12\/IMAGEN-2@2x-2-1024x670.jpg\"},{\"@type\":\"WebPage\",\"@id\":\"https:\/\/ifscleaning.com\/index.php\/demostracion\/#webpage\",\"url\":\"https:\/\/ifscleaning.com\/index.php\/demostracion\/\",\"name\":\"Demostraci\\u00f3n - Ifs Cleaning\",\"isPartOf\":{\"@id\":\"https:\/\/ifscleaning.com\/#website\"},\"primaryImageOfPage\":{\"@id\":\"https:\/\/ifscleaning.com\/index.php\/demostracion\/#primaryimage\"},\"datePublished\":\"2020-12-21T14:59:38+00:00\",\"dateModified\":\"2021-03-18T22:46:25+00:00\",\"breadcrumb\":{\"@id\":\"https:\/\/ifscleaning.com\/index.php\/demostracion\/#breadcrumb\"},\"inLanguage\":\"es\",\"potentialAction\":[{\"@type\":\"ReadAction\",\"target\":[\"https:\/\/ifscleaning.com\/index.php\/demostracion\/\"]}]},{\"@type\":\"BreadcrumbList\",\"@id\":\"https:\/\/ifscleaning.com\/index.php\/demostracion\/#breadcrumb\",\"itemListElement\":[{\"@type\":\"ListItem\",\"position\":1,\"name\":\"Portada\",\"item\":\"https:\/\/ifscleaning.com\/\"},{\"@type\":\"ListItem\",\"position\":2,\"name\":\"Demostraci\\u00f3n\"}]}]}<\/script>\n<!-- \/ Yoast SEO plugin. -->","yoast_head_json":{"title":"Demostraci\u00f3n - Ifs Cleaning","robots":{"index":"index","follow":"follow","max-snippet":"max-snippet:-1","max-image-preview":"max-image-preview:large","max-video-preview":"max-video-preview:-1"},"canonical":"https:\/\/ifscleaning.com\/index.php\/demostracion\/","og_locale":"es_ES","og_type":"article","og_title":"Demostraci\u00f3n - Ifs Cleaning","og_description":"Demostraci\u00f3n una imagen vale m\u00e1s que mil palabras \u00bfQuieres ver nuestros resultados en primera persona? Pi\u0301denos una demostracio\u0301n gratis sin compromiso\u200b Oficina en Barcelona ANTES Y DESPU\u00c9S Compa\u00f1\u00eda a\u00e9rea ANTES Y DESPU\u00c9S Para eliminar una mancha, lo primero que hacemos es pulverizar un poco de Spot Remover y aplicarlo con nuestra esp\u00e1tula agujereada que, con [&hellip;]","og_url":"https:\/\/ifscleaning.com\/index.php\/demostracion\/","og_site_name":"Ifs Cleaning","article_modified_time":"2021-03-18T22:46:25+00:00","og_image":[{"url":"http:\/\/ifscleaning.com\/wp-content\/uploads\/2020\/12\/IMAGEN-2@2x-2-1024x670.jpg"}],"twitter_card":"summary_large_image","twitter_misc":{"Tiempo de lectura":"1 minuto"},"schema":{"@context":"https:\/\/schema.org","@graph":[{"@type":"WebSite","@id":"https:\/\/ifscleaning.com\/#website","url":"https:\/\/ifscleaning.com\/","name":"Ifs Cleaning","description":"Cleaning different","potentialAction":[{"@type":"SearchAction","target":{"@type":"EntryPoint","urlTemplate":"https:\/\/ifscleaning.com\/?s={search_term_string}"},"query-input":"required name=search_term_string"}],"inLanguage":"es"},{"@type":"ImageObject","@id":"https:\/\/ifscleaning.com\/index.php\/demostracion\/#primaryimage","inLanguage":"es","url":"http:\/\/ifscleaning.com\/wp-content\/uploads\/2020\/12\/IMAGEN-2@2x-2-1024x670.jpg","contentUrl":"http:\/\/ifscleaning.com\/wp-content\/uploads\/2020\/12\/IMAGEN-2@2x-2-1024x670.jpg"},{"@type":"WebPage","@id":"https:\/\/ifscleaning.com\/index.php\/demostracion\/#webpage","url":"https:\/\/ifscleaning.com\/index.php\/demostracion\/","name":"Demostraci\u00f3n - Ifs Cleaning","isPartOf":{"@id":"https:\/\/ifscleaning.com\/#website"},"primaryImageOfPage":{"@id":"https:\/\/ifscleaning.com\/index.php\/demostracion\/#primaryimage"},"datePublished":"2020-12-21T14:59:38+00:00","dateModified":"2021-03-18T22:46:25+00:00","breadcrumb":{"@id":"https:\/\/ifscleaning.com\/index.php\/demostracion\/#breadcrumb"},"inLanguage":"es","potentialAction":[{"@type":"ReadAction","target":["https:\/\/ifscleaning.com\/index.php\/demostracion\/"]}]},{"@type":"BreadcrumbList","@id":"https:\/\/ifscleaning.com\/index.php\/demostracion\/#breadcrumb","itemListElement":[{"@type":"ListItem","position":1,"name":"Portada","item":"https:\/\/ifscleaning.com\/"},{"@type":"ListItem","position":2,"name":"Demostraci\u00f3n"}]}]}},"_links":{"self":[{"href":"https:\/\/ifscleaning.com\/index.php\/wp-json\/wp\/v2\/pages\/1326"}],"collection":[{"href":"https:\/\/ifscleaning.com\/index.php\/wp-json\/wp\/v2\/pages"}],"about":[{"href":"https:\/\/ifscleaning.com\/index.php\/wp-json\/wp\/v2\/types\/page"}],"author":[{"embeddable":true,"href":"https:\/\/ifscleaning.com\/index.php\/wp-json\/wp\/v2\/users\/1"}],"replies":[{"embeddable":true,"href":"https:\/\/ifscleaning.com\/index.php\/wp-json\/wp\/v2\/comments?post=1326"}],"version-history":[{"count":181,"href":"https:\/\/ifscleaning.com\/index.php\/wp-json\/wp\/v2\/pages\/1326\/revisions"}],"predecessor-version":[{"id":3462,"href":"https:\/\/ifscleaning.com\/index.php\/wp-json\/wp\/v2\/pages\/1326\/revisions\/3462"}],"wp:attachment":[{"href":"https:\/\/ifscleaning.com\/index.php\/wp-json\/wp\/v2\/media?parent=1326"}],"curies":[{"name":"wp","href":"https:\/\/api.w.org\/{rel}","templated":true}]}}