{"id":1331,"date":"2020-12-21T15:00:28","date_gmt":"2020-12-21T15:00:28","guid":{"rendered":"http:\/\/ifscleaning.com\/?page_id=1331"},"modified":"2021-03-23T11:52:35","modified_gmt":"2021-03-23T11:52:35","slug":"post-venta","status":"publish","type":"page","link":"https:\/\/ifscleaning.com\/index.php\/post-venta\/","title":{"rendered":"Post venta"},"content":{"rendered":"\t\t<div data-elementor-type=\"wp-page\" data-elementor-id=\"1331\" class=\"elementor elementor-1331\" data-elementor-settings=\"[]\">\n\t\t\t\t\t\t<div class=\"elementor-inner\">\n\t\t\t\t\t\t\t<div class=\"elementor-section-wrap\">\n\t\t\t\t\t\t\t<section class=\"has_ma_el_bg_slider elementor-section elementor-top-section elementor-element elementor-element-32d2465 elementor-section-height-min-height elementor-section-content-middle elementor-section-stretched elementor-section-boxed elementor-section-height-default elementor-section-items-middle\" data-id=\"32d2465\" data-element_type=\"section\" data-settings=\"{&quot;background_background&quot;:&quot;classic&quot;,&quot;stretch_section&quot;:&quot;section-stretched&quot;}\">\n\t\t\t\t\t\t<div class=\"elementor-container elementor-column-gap-default\">\n\t\t\t\t\t\t\t<div class=\"elementor-row\">\n\t\t\t\t\t<div class=\"has_ma_el_bg_slider elementor-column elementor-col-33 elementor-top-column elementor-element elementor-element-9bde589\" data-id=\"9bde589\" data-element_type=\"column\">\n\t\t\t<div class=\"elementor-column-wrap\">\n\t\t\t\t\t\t\t<div class=\"elementor-widget-wrap\">\n\t\t\t\t\t\t\t\t<\/div>\n\t\t\t\t\t<\/div>\n\t\t<\/div>\n\t\t\t\t<div class=\"has_ma_el_bg_slider elementor-column elementor-col-33 elementor-top-column elementor-element elementor-element-922f5c7\" data-id=\"922f5c7\" data-element_type=\"column\">\n\t\t\t<div class=\"elementor-column-wrap elementor-element-populated\">\n\t\t\t\t\t\t\t<div class=\"elementor-widget-wrap\">\n\t\t\t\t\t\t<div class=\"elementor-element elementor-element-3942266 elementor-widget elementor-widget-heading\" data-id=\"3942266\" data-element_type=\"widget\" data-widget_type=\"heading.default\">\n\t\t\t\t<div class=\"elementor-widget-container\">\n\t\t\t<h2 class=\"elementor-heading-title elementor-size-default\">Post venta<\/h2>\t\t<\/div>\n\t\t\t\t<\/div>\n\t\t\t\t<div class=\"elementor-element elementor-element-daf8deb elementor-widget elementor-widget-text-editor\" data-id=\"daf8deb\" data-element_type=\"widget\" data-widget_type=\"text-editor.default\">\n\t\t\t\t<div class=\"elementor-widget-container\">\n\t\t\t\t\t\t\t\t<div class=\"elementor-text-editor elementor-clearfix\">\n\t\t\t\t\t<p>nuestro objetivo el bienestar del cliente<\/p>\t\t\t\t\t<\/div>\n\t\t\t\t\t\t<\/div>\n\t\t\t\t<\/div>\n\t\t\t\t\t\t<\/div>\n\t\t\t\t\t<\/div>\n\t\t<\/div>\n\t\t\t\t<div class=\"has_ma_el_bg_slider elementor-column elementor-col-33 elementor-top-column elementor-element elementor-element-c1b370d\" data-id=\"c1b370d\" data-element_type=\"column\">\n\t\t\t<div class=\"elementor-column-wrap\">\n\t\t\t\t\t\t\t<div class=\"elementor-widget-wrap\">\n\t\t\t\t\t\t\t\t<\/div>\n\t\t\t\t\t<\/div>\n\t\t<\/div>\n\t\t\t\t\t\t\t\t<\/div>\n\t\t\t\t\t<\/div>\n\t\t<\/section>\n\t\t\t\t<section class=\"has_ma_el_bg_slider elementor-section elementor-top-section elementor-element elementor-element-3ad10c3 elementor-section-boxed elementor-section-height-default elementor-section-height-default\" data-id=\"3ad10c3\" data-element_type=\"section\" data-settings=\"{&quot;background_background&quot;:&quot;classic&quot;}\">\n\t\t\t\t\t\t<div class=\"elementor-container elementor-column-gap-default\">\n\t\t\t\t\t\t\t<div class=\"elementor-row\">\n\t\t\t\t\t<div class=\"has_ma_el_bg_slider elementor-column elementor-col-100 elementor-top-column elementor-element elementor-element-e3539e2\" data-id=\"e3539e2\" data-element_type=\"column\">\n\t\t\t<div class=\"elementor-column-wrap elementor-element-populated\">\n\t\t\t\t\t\t\t<div class=\"elementor-widget-wrap\">\n\t\t\t\t\t\t<div class=\"elementor-element elementor-element-0e42975 elementor-widget elementor-widget-heading\" data-id=\"0e42975\" data-element_type=\"widget\" data-widget_type=\"heading.default\">\n\t\t\t\t<div class=\"elementor-widget-container\">\n\t\t\t<h2 class=\"elementor-heading-title elementor-size-default\">Servicio Post Venta<\/h2>\t\t<\/div>\n\t\t\t\t<\/div>\n\t\t\t\t<div class=\"elementor-element elementor-element-fdd10ef elementor-widget elementor-widget-text-editor\" data-id=\"fdd10ef\" data-element_type=\"widget\" data-widget_type=\"text-editor.default\">\n\t\t\t\t<div class=\"elementor-widget-container\">\n\t\t\t\t\t\t\t\t<div class=\"elementor-text-editor elementor-clearfix\">\n\t\t\t\t\t<div class=\"page\" title=\"Page 1\"><div class=\"section\"><div class=\"layoutArea\"><div class=\"column\"><div class=\"page\" title=\"Page 1\"><div class=\"section\"><div class=\"layoutArea\"><div class=\"column\"><p>Despu\u00e9s de la limpieza realizamos una visita para verificar el nivel de <span style=\"color: #a1c451;\"><strong>satisfacci\u00f3n<\/strong><\/span> del cliente. Es el momento en que comentamos las particularidades de esa limpieza, as\u00ed como las dificultades que hemos encontrado, las manchas que han salido con facilidad o, las que por el contrario, han presentado mayor resistencia.<\/p><\/div><\/div><\/div><\/div><\/div><\/div><\/div><\/div>\t\t\t\t\t<\/div>\n\t\t\t\t\t\t<\/div>\n\t\t\t\t<\/div>\n\t\t\t\t\t\t<\/div>\n\t\t\t\t\t<\/div>\n\t\t<\/div>\n\t\t\t\t\t\t\t\t<\/div>\n\t\t\t\t\t<\/div>\n\t\t<\/section>\n\t\t\t\t<section class=\"has_ma_el_bg_slider elementor-section elementor-top-section elementor-element elementor-element-b428f24 elementor-section-boxed elementor-section-height-default elementor-section-height-default\" data-id=\"b428f24\" data-element_type=\"section\" data-settings=\"{&quot;background_background&quot;:&quot;classic&quot;}\">\n\t\t\t\t\t\t<div class=\"elementor-container elementor-column-gap-default\">\n\t\t\t\t\t\t\t<div class=\"elementor-row\">\n\t\t\t\t\t<div class=\"has_ma_el_bg_slider elementor-column elementor-col-50 elementor-top-column elementor-element elementor-element-415b9fd\" data-id=\"415b9fd\" data-element_type=\"column\">\n\t\t\t<div class=\"elementor-column-wrap elementor-element-populated\">\n\t\t\t\t\t\t\t<div class=\"elementor-widget-wrap\">\n\t\t\t\t\t\t<div class=\"elementor-element elementor-element-a9709cb elementor-widget elementor-widget-heading\" data-id=\"a9709cb\" data-element_type=\"widget\" data-widget_type=\"heading.default\">\n\t\t\t\t<div class=\"elementor-widget-container\">\n\t\t\t<h2 class=\"elementor-heading-title elementor-size-default\">Estamos para ayudarte<\/h2>\t\t<\/div>\n\t\t\t\t<\/div>\n\t\t\t\t\t\t<\/div>\n\t\t\t\t\t<\/div>\n\t\t<\/div>\n\t\t\t\t<div class=\"has_ma_el_bg_slider elementor-column elementor-col-50 elementor-top-column elementor-element elementor-element-c3220c5\" data-id=\"c3220c5\" data-element_type=\"column\">\n\t\t\t<div class=\"elementor-column-wrap elementor-element-populated\">\n\t\t\t\t\t\t\t<div class=\"elementor-widget-wrap\">\n\t\t\t\t\t\t<section class=\"has_ma_el_bg_slider elementor-section elementor-inner-section elementor-element elementor-element-8368a1a elementor-section-boxed elementor-section-height-default elementor-section-height-default\" data-id=\"8368a1a\" data-element_type=\"section\">\n\t\t\t\t\t\t<div class=\"elementor-container elementor-column-gap-default\">\n\t\t\t\t\t\t\t<div class=\"elementor-row\">\n\t\t\t\t\t<div class=\"has_ma_el_bg_slider elementor-column elementor-col-100 elementor-inner-column elementor-element elementor-element-b5b95eb\" data-id=\"b5b95eb\" data-element_type=\"column\">\n\t\t\t<div class=\"elementor-column-wrap elementor-element-populated\">\n\t\t\t\t\t\t\t<div class=\"elementor-widget-wrap\">\n\t\t\t\t\t\t<div class=\"elementor-element elementor-element-6ec7917 elementor-widget elementor-widget-text-editor\" data-id=\"6ec7917\" data-element_type=\"widget\" data-widget_type=\"text-editor.default\">\n\t\t\t\t<div class=\"elementor-widget-container\">\n\t\t\t\t\t\t\t\t<div class=\"elementor-text-editor elementor-clearfix\">\n\t\t\t\t\t<p class=\"p1\"><span class=\"s1\">Nuestro trabajo no acaba con la limpieza, sino que damos un <span style=\"color: #a1c451;\"><strong>asesoramiento<\/strong><\/span> constante ofreciendo <strong><span style=\"color: #a1c451;\">soluciones<\/span><\/strong> y medios para el <span style=\"color: #a1c451;\"><strong>mantenimiento<\/strong><\/span> diario de las moquetas. Establecemos <span style=\"color: #a1c451;\"><strong>protocolos<\/strong><\/span> de limpieza en funci\u00f3n de las necesidades de cada espacio y aconsejamos qu\u00e9 herramientas utilizar, as\u00ed como los productos m\u00e1s adecuados para cada tipo de moqueta. M\u00e1s que una simple limpieza, somos una <strong><span style=\"color: #a1c451;\">soluci\u00f3n global<\/span><\/strong> para que tu moqueta est\u00e9 siempre limpia<\/span><\/p>\t\t\t\t\t<\/div>\n\t\t\t\t\t\t<\/div>\n\t\t\t\t<\/div>\n\t\t\t\t\t\t<\/div>\n\t\t\t\t\t<\/div>\n\t\t<\/div>\n\t\t\t\t\t\t\t\t<\/div>\n\t\t\t\t\t<\/div>\n\t\t<\/section>\n\t\t\t\t\t\t<\/div>\n\t\t\t\t\t<\/div>\n\t\t<\/div>\n\t\t\t\t\t\t\t\t<\/div>\n\t\t\t\t\t<\/div>\n\t\t<\/section>\n\t\t\t\t<section class=\"has_ma_el_bg_slider elementor-section elementor-top-section elementor-element elementor-element-777f7cb elementor-section-boxed elementor-section-height-default elementor-section-height-default\" data-id=\"777f7cb\" data-element_type=\"section\" data-settings=\"{&quot;background_background&quot;:&quot;classic&quot;}\">\n\t\t\t\t\t\t<div class=\"elementor-container elementor-column-gap-default\">\n\t\t\t\t\t\t\t<div class=\"elementor-row\">\n\t\t\t\t\t<div class=\"has_ma_el_bg_slider elementor-column elementor-col-50 elementor-top-column elementor-element elementor-element-3a38ed0\" data-id=\"3a38ed0\" data-element_type=\"column\">\n\t\t\t<div class=\"elementor-column-wrap elementor-element-populated\">\n\t\t\t\t\t\t\t<div class=\"elementor-widget-wrap\">\n\t\t\t\t\t\t<div class=\"elementor-element elementor-element-919649b elementor-widget elementor-widget-heading\" data-id=\"919649b\" data-element_type=\"widget\" data-widget_type=\"heading.default\">\n\t\t\t\t<div class=\"elementor-widget-container\">\n\t\t\t<h2 class=\"elementor-heading-title elementor-size-default\">La formaci\u00f3n<\/h2>\t\t<\/div>\n\t\t\t\t<\/div>\n\t\t\t\t<div class=\"elementor-element elementor-element-2a9f18c elementor-widget elementor-widget-text-editor\" data-id=\"2a9f18c\" data-element_type=\"widget\" data-widget_type=\"text-editor.default\">\n\t\t\t\t<div class=\"elementor-widget-container\">\n\t\t\t\t\t\t\t\t<div class=\"elementor-text-editor elementor-clearfix\">\n\t\t\t\t\t<div class=\"page\" title=\"Page 1\"><div class=\"section\"><div class=\"layoutArea\"><div class=\"column\"><div class=\"page\" title=\"Page 1\"><div class=\"section\"><div class=\"layoutArea\"><div class=\"column\"><p class=\"p1\"><span class=\"s1\">Nuestros cursos de formaci\u00f3n est\u00e1n dirigidos principalmente a gobernantas y directores del sector hotelero.\u00a0 El sello <span style=\"color: #a1c451;\"><strong>IFS CLEANING <\/strong><\/span><\/span>implica que la formacio\u0301n ofrecida parte de los ma\u0301s elevados esta\u0301ndares de calidad, rigor y profesionalidad, al tiempo que conecta con las inquietudes de los responsables de limpieza que quieren conocer nuestro sistema.<\/p><\/div><\/div><\/div><\/div><\/div><\/div><\/div><\/div>\t\t\t\t\t<\/div>\n\t\t\t\t\t\t<\/div>\n\t\t\t\t<\/div>\n\t\t\t\t\t\t<\/div>\n\t\t\t\t\t<\/div>\n\t\t<\/div>\n\t\t\t\t<div class=\"has_ma_el_bg_slider elementor-column elementor-col-50 elementor-top-column elementor-element elementor-element-df0790e\" data-id=\"df0790e\" data-element_type=\"column\">\n\t\t\t<div class=\"elementor-column-wrap elementor-element-populated\">\n\t\t\t\t\t\t\t<div class=\"elementor-widget-wrap\">\n\t\t\t\t\t\t<div class=\"elementor-element elementor-element-12970b2 elementor-widget elementor-widget-image\" data-id=\"12970b2\" data-element_type=\"widget\" data-widget_type=\"image.default\">\n\t\t\t\t<div class=\"elementor-widget-container\">\n\t\t\t\t\t\t\t\t<div class=\"elementor-image\">\n\t\t\t\t\t\t\t\t\t\t\t\t<img width=\"800\" height=\"534\" src=\"https:\/\/ifscleaning.com\/wp-content\/uploads\/2021\/02\/Formacion-1024x683.jpg\" class=\"attachment-large size-large\" alt=\"\" loading=\"lazy\" srcset=\"https:\/\/ifscleaning.com\/wp-content\/uploads\/2021\/02\/Formacion-1024x683.jpg 1024w, https:\/\/ifscleaning.com\/wp-content\/uploads\/2021\/02\/Formacion-300x200.jpg 300w, https:\/\/ifscleaning.com\/wp-content\/uploads\/2021\/02\/Formacion-768x512.jpg 768w, https:\/\/ifscleaning.com\/wp-content\/uploads\/2021\/02\/Formacion-1536x1024.jpg 1536w, https:\/\/ifscleaning.com\/wp-content\/uploads\/2021\/02\/Formacion.jpg 1800w\" sizes=\"(max-width: 800px) 100vw, 800px\" \/>\t\t\t\t\t\t\t\t\t\t\t\t\t\t<\/div>\n\t\t\t\t\t\t<\/div>\n\t\t\t\t<\/div>\n\t\t\t\t\t\t<\/div>\n\t\t\t\t\t<\/div>\n\t\t<\/div>\n\t\t\t\t\t\t\t\t<\/div>\n\t\t\t\t\t<\/div>\n\t\t<\/section>\n\t\t\t\t\t\t<\/div>\n\t\t\t\t\t\t<\/div>\n\t\t\t\t\t<\/div>\n\t\t","protected":false},"excerpt":{"rendered":"<p>Post venta nuestro objetivo el bienestar del cliente Servicio Post Venta Despu\u00e9s de la limpieza realizamos una visita para verificar el nivel de satisfacci\u00f3n del cliente. Es el momento en que comentamos las particularidades de esa limpieza, as\u00ed como las dificultades que hemos encontrado, las manchas que han salido con facilidad o, las que por [&hellip;]<\/p>\n","protected":false},"author":1,"featured_media":0,"parent":0,"menu_order":0,"comment_status":"closed","ping_status":"closed","template":"elementor_header_footer","meta":[],"yoast_head":"<!-- This site is optimized with the Yoast SEO plugin v16.7 - https:\/\/yoast.com\/wordpress\/plugins\/seo\/ -->\n<title>Post venta - Ifs Cleaning<\/title>\n<meta name=\"robots\" content=\"index, follow, max-snippet:-1, max-image-preview:large, max-video-preview:-1\" \/>\n<link rel=\"canonical\" href=\"https:\/\/ifscleaning.com\/index.php\/post-venta\/\" \/>\n<meta property=\"og:locale\" content=\"es_ES\" \/>\n<meta property=\"og:type\" content=\"article\" \/>\n<meta property=\"og:title\" content=\"Post venta - Ifs Cleaning\" \/>\n<meta property=\"og:description\" content=\"Post venta nuestro objetivo el bienestar del cliente Servicio Post Venta Despu\u00e9s de la limpieza realizamos una visita para verificar el nivel de satisfacci\u00f3n del cliente. Es el momento en que comentamos las particularidades de esa limpieza, as\u00ed como las dificultades que hemos encontrado, las manchas que han salido con facilidad o, las que por [&hellip;]\" \/>\n<meta property=\"og:url\" content=\"https:\/\/ifscleaning.com\/index.php\/post-venta\/\" \/>\n<meta property=\"og:site_name\" content=\"Ifs Cleaning\" \/>\n<meta property=\"article:modified_time\" content=\"2021-03-23T11:52:35+00:00\" \/>\n<meta property=\"og:image\" content=\"http:\/\/ifscleaning.com\/wp-content\/uploads\/2021\/02\/Formacion-1024x683.jpg\" \/>\n<meta name=\"twitter:card\" content=\"summary_large_image\" \/>\n<meta name=\"twitter:label1\" content=\"Tiempo de lectura\" \/>\n\t<meta name=\"twitter:data1\" content=\"1 minuto\" \/>\n<script type=\"application\/ld+json\" class=\"yoast-schema-graph\">{\"@context\":\"https:\/\/schema.org\",\"@graph\":[{\"@type\":\"WebSite\",\"@id\":\"https:\/\/ifscleaning.com\/#website\",\"url\":\"https:\/\/ifscleaning.com\/\",\"name\":\"Ifs Cleaning\",\"description\":\"Cleaning different\",\"potentialAction\":[{\"@type\":\"SearchAction\",\"target\":{\"@type\":\"EntryPoint\",\"urlTemplate\":\"https:\/\/ifscleaning.com\/?s={search_term_string}\"},\"query-input\":\"required name=search_term_string\"}],\"inLanguage\":\"es\"},{\"@type\":\"ImageObject\",\"@id\":\"https:\/\/ifscleaning.com\/index.php\/post-venta\/#primaryimage\",\"inLanguage\":\"es\",\"url\":\"http:\/\/ifscleaning.com\/wp-content\/uploads\/2021\/02\/Formacion-1024x683.jpg\",\"contentUrl\":\"http:\/\/ifscleaning.com\/wp-content\/uploads\/2021\/02\/Formacion-1024x683.jpg\"},{\"@type\":\"WebPage\",\"@id\":\"https:\/\/ifscleaning.com\/index.php\/post-venta\/#webpage\",\"url\":\"https:\/\/ifscleaning.com\/index.php\/post-venta\/\",\"name\":\"Post venta - Ifs Cleaning\",\"isPartOf\":{\"@id\":\"https:\/\/ifscleaning.com\/#website\"},\"primaryImageOfPage\":{\"@id\":\"https:\/\/ifscleaning.com\/index.php\/post-venta\/#primaryimage\"},\"datePublished\":\"2020-12-21T15:00:28+00:00\",\"dateModified\":\"2021-03-23T11:52:35+00:00\",\"breadcrumb\":{\"@id\":\"https:\/\/ifscleaning.com\/index.php\/post-venta\/#breadcrumb\"},\"inLanguage\":\"es\",\"potentialAction\":[{\"@type\":\"ReadAction\",\"target\":[\"https:\/\/ifscleaning.com\/index.php\/post-venta\/\"]}]},{\"@type\":\"BreadcrumbList\",\"@id\":\"https:\/\/ifscleaning.com\/index.php\/post-venta\/#breadcrumb\",\"itemListElement\":[{\"@type\":\"ListItem\",\"position\":1,\"name\":\"Portada\",\"item\":\"https:\/\/ifscleaning.com\/\"},{\"@type\":\"ListItem\",\"position\":2,\"name\":\"Post venta\"}]}]}<\/script>\n<!-- \/ Yoast SEO plugin. -->","yoast_head_json":{"title":"Post venta - Ifs Cleaning","robots":{"index":"index","follow":"follow","max-snippet":"max-snippet:-1","max-image-preview":"max-image-preview:large","max-video-preview":"max-video-preview:-1"},"canonical":"https:\/\/ifscleaning.com\/index.php\/post-venta\/","og_locale":"es_ES","og_type":"article","og_title":"Post venta - Ifs Cleaning","og_description":"Post venta nuestro objetivo el bienestar del cliente Servicio Post Venta Despu\u00e9s de la limpieza realizamos una visita para verificar el nivel de satisfacci\u00f3n del cliente. Es el momento en que comentamos las particularidades de esa limpieza, as\u00ed como las dificultades que hemos encontrado, las manchas que han salido con facilidad o, las que por [&hellip;]","og_url":"https:\/\/ifscleaning.com\/index.php\/post-venta\/","og_site_name":"Ifs Cleaning","article_modified_time":"2021-03-23T11:52:35+00:00","og_image":[{"url":"http:\/\/ifscleaning.com\/wp-content\/uploads\/2021\/02\/Formacion-1024x683.jpg"}],"twitter_card":"summary_large_image","twitter_misc":{"Tiempo de lectura":"1 minuto"},"schema":{"@context":"https:\/\/schema.org","@graph":[{"@type":"WebSite","@id":"https:\/\/ifscleaning.com\/#website","url":"https:\/\/ifscleaning.com\/","name":"Ifs Cleaning","description":"Cleaning different","potentialAction":[{"@type":"SearchAction","target":{"@type":"EntryPoint","urlTemplate":"https:\/\/ifscleaning.com\/?s={search_term_string}"},"query-input":"required name=search_term_string"}],"inLanguage":"es"},{"@type":"ImageObject","@id":"https:\/\/ifscleaning.com\/index.php\/post-venta\/#primaryimage","inLanguage":"es","url":"http:\/\/ifscleaning.com\/wp-content\/uploads\/2021\/02\/Formacion-1024x683.jpg","contentUrl":"http:\/\/ifscleaning.com\/wp-content\/uploads\/2021\/02\/Formacion-1024x683.jpg"},{"@type":"WebPage","@id":"https:\/\/ifscleaning.com\/index.php\/post-venta\/#webpage","url":"https:\/\/ifscleaning.com\/index.php\/post-venta\/","name":"Post venta - Ifs Cleaning","isPartOf":{"@id":"https:\/\/ifscleaning.com\/#website"},"primaryImageOfPage":{"@id":"https:\/\/ifscleaning.com\/index.php\/post-venta\/#primaryimage"},"datePublished":"2020-12-21T15:00:28+00:00","dateModified":"2021-03-23T11:52:35+00:00","breadcrumb":{"@id":"https:\/\/ifscleaning.com\/index.php\/post-venta\/#breadcrumb"},"inLanguage":"es","potentialAction":[{"@type":"ReadAction","target":["https:\/\/ifscleaning.com\/index.php\/post-venta\/"]}]},{"@type":"BreadcrumbList","@id":"https:\/\/ifscleaning.com\/index.php\/post-venta\/#breadcrumb","itemListElement":[{"@type":"ListItem","position":1,"name":"Portada","item":"https:\/\/ifscleaning.com\/"},{"@type":"ListItem","position":2,"name":"Post venta"}]}]}},"_links":{"self":[{"href":"https:\/\/ifscleaning.com\/index.php\/wp-json\/wp\/v2\/pages\/1331"}],"collection":[{"href":"https:\/\/ifscleaning.com\/index.php\/wp-json\/wp\/v2\/pages"}],"about":[{"href":"https:\/\/ifscleaning.com\/index.php\/wp-json\/wp\/v2\/types\/page"}],"author":[{"embeddable":true,"href":"https:\/\/ifscleaning.com\/index.php\/wp-json\/wp\/v2\/users\/1"}],"replies":[{"embeddable":true,"href":"https:\/\/ifscleaning.com\/index.php\/wp-json\/wp\/v2\/comments?post=1331"}],"version-history":[{"count":103,"href":"https:\/\/ifscleaning.com\/index.php\/wp-json\/wp\/v2\/pages\/1331\/revisions"}],"predecessor-version":[{"id":3480,"href":"https:\/\/ifscleaning.com\/index.php\/wp-json\/wp\/v2\/pages\/1331\/revisions\/3480"}],"wp:attachment":[{"href":"https:\/\/ifscleaning.com\/index.php\/wp-json\/wp\/v2\/media?parent=1331"}],"curies":[{"name":"wp","href":"https:\/\/api.w.org\/{rel}","templated":true}]}}